{"id":127,"date":"2019-10-28T11:53:07","date_gmt":"2019-10-28T10:53:07","guid":{"rendered":"http:\/\/proba.jobbkor.hu\/?page_id=127"},"modified":"2019-11-04T10:38:26","modified_gmt":"2019-11-04T09:38:26","slug":"orosz-istvan-avatobeszede","status":"publish","type":"page","link":"https:\/\/jobbkor.hu\/index.php\/orosz-istvan-avatobeszede\/","title":{"rendered":"Orosz Istv\u00e1n avat\u00f3besz\u00e9de"},"content":{"rendered":"\n<p><strong>SZ\u00c9LJEGYZET EGY SZOBORHOZ<\/strong><\/p>\n\n\n\n<p>J\u00f6jj\u00f6n a fagy, meleg\u00edtsen! ? Nagy G\u00e1sp\u00e1r sor\u00e1val k\u00f6sz\u00f6nt\u00f6m \u00f6n\u00f6ket: ha\n nagy a hideg (most nagyon nagy), \u00f6szt\u00f6n\u00f6sen egym\u00e1shoz h\u00faz\u00f3dunk, de ne \nfelejts\u00e9k, a k\u00f6lt\u00e9szet is \u00e9ppen erre val\u00f3: hogy var\u00e1zsk\u00f6rt rajzoljon \nk\u00f6r\u00e9nk, s e k\u00f6rben k\u00f6zelebb ker\u00fclj\u00fcnk egym\u00e1shoz. Hogy melegedj\u00fcnk.<br>\n\u00c9rtettem-e vajon a verseit el\u00e9gg\u00e9, a szavakat \u00e9s a cs\u00f6ndeket, amelyek \negyszerre voltak horgonyozva r\u00f6vid\u00fcl\u0151 t\u00e9ld\u00e9lut\u00e1ni \u00e1rnyainkhoz \u00e9s ama \n\u00e9gig\u00e9r\u0151 k\u00fat j\u00e9gpikkelyes magas\u00e1hoz. Vajon tudtam-e, mire gondol, amikor \nfelolvasta:<\/p>\n\n\n\n<p>v\u00e9ge lesz ennek a h\u00edg mel\u00f3nak\/ j\u00f6nnek \u00e9rted a szabad napok\/ \u00e1th\u00fazod cs\u00f6ndben \u00f6sszes versedet\/ meg\u00e9rted mi\u00e9rt szabadrabok.<\/p>\n\n\n\n<div class=\"wp-block-image\"><figure class=\"alignleft\"><img decoding=\"async\" src=\"http:\/\/nagygasparszobor.hu\/wp-content\/uploads\/2017\/03\/OroszIstvan.jpg\" alt=\"\" class=\"wp-image-87\"\/><\/figure><\/div>\n\n\n\n<p>Elhadartam\n persze a leck\u00e9t, rabok legy\u00fcnk, vagy szabadok, \u00e9s el\u0151 is kerestem azt a\n k\u00f6v\u00e9r Bodoni fontot, Heckenast mester\u00e9t, amellyel egykor a Talpra \nmagyart nyomtatt\u00e1k. Tal\u00e1n az\u00e9rt b\u00edzta r\u00e1m a k\u00f6nyvbor\u00edt\u00f3 rajz\u00e1t Nagy \nG\u00e1sp\u00e1r, mert a paradox sz\u00f3\u00f6sszevon\u00e1s \u00e9s az \u00e9n lehets\u00e9ges-lehetetlenre \nrajzolt \u00e1br\u00e1im k\u00f6zt rokons\u00e1got l\u00e1tott. Azt\u00e1n elkezdtem lassan f\u00f6lfogni \naz \u00fczenetet. Elkezdtem? Ugyan. M\u00e1ig k\u00fczd\u00f6k vele.<\/p>\n\n\n\n<p>Megrajzolja-e vajon a szobor is a maga var\u00e1zsk\u00f6r\u00e9t? K\u00f6zvet\u00edtheti-e \nazt az \u00f6sszetartoz\u00e1s \u00e9rz\u00e9st itt Keszin, sz\u00e9les e haz\u00e1ban \u00e9s messze \nminden\u00fctt, ahol magyarok \u00e9lnek, azt, amit a k\u00f6ltem\u00e9nyek sug\u00e1roznak? A \nle\u00edrt szavak aligha sp\u00f3rolhat\u00f3k meg \u00e1ltala. A bet\u0171k boldog k\u00f6nnycseppjei\n \u00e9s a verseket z\u00e1r\u00f3 cs\u00f6ndek sem. Akik ismert\u00e9k Gazsit, azok persze a \ntekintet\u00e9t fogj\u00e1k lesni, s valami szem\u00e9lyes eml\u00e9ket keresnek, de h\u00e1t \nvan, amit egy szobor nem tud igazolni, meg h\u00e1t nem is a dolga, hogy \ntud\u00f3s\u00edtson a sz\u0151l\u0151lev\u00e9lz\u00f6ld sz\u00edn\u0171 szemr\u0151l, a m\u00e1rv\u00e1ny fogzom\u00e1ncr\u00f3l, \u00e9s a \nhal\u00e1nt\u00e9kdob, a koponya kehely, a t\u00fck\u00f6r m\u00e9ly\u00e9n r\u00f6gz\u00edtett szomor\u00fa \nsz\u00e1jsz\u00e9l, vagy a mosolyel\u00e1gaz\u00e1s felid\u00e9z\u00e9s\u00e9re is csak az olvas\u00f3kkal \negy\u00fctt v\u00e1llalkozhat. Ahogy a kihajtott nagy versgall\u00e9rt is csak akkor \nl\u00e1tjuk, ha folytatni tudjuk:<\/p>\n\n\n\n<p>Mert minden igaz k\u00f6lt\u0151-hal\u00e1nt\u00e9k<br>\nhatalmasoknak csup\u00e1n csak j\u00e1t\u00e9k<\/p>\n\n\n\n<p>A szobr\u00e1sz meg\u00e1ll\u00edtott pillanata perspekt\u00edva m\u00faltra \u00e9s j\u00f6v\u0151re. A \nszobor csak l\u00e1tsz\u00f3lag cez\u00fara az id\u0151-l\u00e9ni\u00e1n, val\u00f3j\u00e1ban a m\u00e9g be nem \nk\u00f6vetkezett \u00e9s a m\u00e1r elm\u00falt faktumok kelyhe, s a szobrok k\u0151-nyelve \u00edgy \nlegal\u00e1bb annyira metafizikus, mint amennyire k\u00e9zzel tapinthat\u00f3n re\u00e1lis.<\/p>\n\n\n\n<p>Mi persze, ismer\u0151s\u00f6k, \u00e9letkort rendel\u00fcnk majd a fiatalemberhez, a \nsuhanc k\u00f6lt\u00e9szhez a helybenzs\u00e1kbanfut\u00f3s id\u0151t, amikor a foci m\u00e9g f\u0171z\u0151s \nvolt, a korszak viszont m\u00e1r szelepes. A korszak, amiben az volt a \ngy\u00f6ny\u00f6r\u0171, hogy t\u00e9tje volt, mit mond a m\u0171, vagy mit rejt el ?<\/p>\n\n\n\n<p>\u00c9n m\u00e1r l\u00e1ttam a most m\u00e9g elrejtett szobrot, \u00e9s bele tudtam l\u00e1tni \nG\u00e1sp\u00e1r evang\u00e9liumi szel\u00edds\u00e9g\u00e9t \u00e9s konok k\u00f6vetkezetess\u00e9g\u00e9t is, ahogy \nc\u00e9lt\u00e1blak\u00e9nt \u00e1llt ki a versek mell\u00e9 az \u00edr\u00e1stud\u00f3k felel\u0151ss\u00e9g\u00e9t mag\u00e1t\u00f3l \n\u00e9rt\u0151d\u0151 term\u00e9szetess\u00e9ggel v\u00e1llalva, s\u0151t hirdetve. Azt\u00e1n ? M\u00falik a j\u00f6v\u0151nk,\n konstat\u00e1lta \u00e9s tov\u00e1bb l\u00e9pett az \u00e9gi focip\u00e1ly\u00e1ra, ahol a sehov\u00e1 iktatott\n sz\u00e9l f\u00fajdog\u00e1l.<\/p>\n\n\n\n<p>K\u00f6sz\u00f6net a szobornak, hogy k\u00f6zvet\u00edti a fentr\u0151l k\u00fcld\u00f6tt n\u00e9ma \u00fczenetet,\n \u00e9s sug\u00e1rozza a Haza a magasban var\u00e1zsk\u00f6r\u00e9t. H\u00e1la az \u00e9rt\u0151 szobr\u00e1sznak, \nOl\u00e1h Katalinnak, hogy v\u00e9s\u0151je nyom\u00e1n spiritu\u00e1lis geometria t\u00e1gul e \nfaragott k\u0151arc k\u00f6r\u00e9. H\u00e1la az avat\u00f3 felebar\u00e1toknak ? nektek, \u00f6n\u00f6knek ? \nhogy t\u00e1bora van a szavaknak. \u00c9s k\u00f6sz\u00f6net Budakeszinek, hogy \u0151rzi a \nv\u00e1rosban otthon\u00e1ra tal\u00e1lt k\u00f6lt\u0151 eml\u00e9k\u00e9t. Egy olyan sort v\u00e1lasztottam \nv\u00e9g\u00fcl, amelyet Nagy G\u00e1sp\u00e1r egy m\u00e1sik szobor t\u00f6v\u00e9ben m\u00e1r szavalt, \u00e9s \nvannak itt bizonnyal sokan, akik nem csak d\u00f6rm\u00f6gve, de \u00e9nekelve is \nismerik:<\/p>\n\n\n\n<p>Aki a f\u00e9lelmen t\u00fali tartom\u00e1ny \/ dalokra elsz\u00e1nt k\u00f6lyke, \/ j\u00f3l tudja mi\u00e9rt e f\u00f6ldi \u00e1gy, \/ s mi\u00e9rt a csillagok? f\u00f6l\u00f6tte.<\/p>\n\n\n\n<figure class=\"wp-block-audio\"><audio controls src=\"https:\/\/drive.google.com\/uc?export=download&amp;id=0B9L-KcH9q8oWTXg1eVBhVEtPN00\"><\/audio><figcaption>Hallgassa meg Orosz Istv\u00e1n avat\u00f3besz\u00e9d\u00e9t!<\/figcaption><\/figure>\n\n\n\n<p><\/p>\n\n\n\n<p><\/p>\n\n\n\n<p>Mindezek ut\u00e1n \u00e1lljon itt Orosz Istv\u00e1nnak, Nagy G\u00e1sp\u00e1r egyik legjobb bar\u00e1tj\u00e1nak, a k\u00f6lt\u0151 temet\u00e9s\u00e9n, 2007. janu\u00e1r 16-\u00e1n, Nagytilajon elhangzott besz\u00e9de.<\/p>\n\n\n\n<p><br>Nagy G\u00e1sp\u00e1r! Dr\u00e1ga Gazsi!<\/p>\n\n\n\n<p>Bar\u00e1tk\u00e9nt \u00e9s a bar\u00e1taid nev\u00e9ben b\u00facs\u00fazom t\u0151led. Sokan voltak! Ha csak  azokat mondan\u00e1m, akik engem h\u00edvogattak, tudv\u00e1n, hogy szinte szomsz\u00e9dok  vagyunk, s h\u00e1tha elobb l\u00e1tok meg valami gy\u00f3gyul\u00e1sra utal\u00f3 halv\u00e1ny  f\u00e9nysugarat, \u2013 bizony hosszan sorolhatn\u00e1m \u0151ket. Meg akik a lelkemre  k\u00f6t\u00f6tt\u00e9k, &#8211; a budakeszi polg\u00e1rok, a m\u0171v\u00e9sz akad\u00e9mikusok \u00e9s a  futballist\u00e1k, akikkel egy\u00fctt r\u00fagtuk a labd\u00e1t, \u2013 hogy ki ne felejtsem  \u0151ket se, hogy tudd, l\u00e9lekben ott voltak veled s d\u00f6bbenten figyelt\u00e9k azt a  m\u00e9lt\u00f3s\u00e1gteljes, szinte \u00fcnnep\u00e9lyes hal\u00e1ltus\u00e1t, amelyet oly hosszan  v\u00edvt\u00e1l; szenvedve is der\u0171t sug\u00e1rozv\u00e1n, a v\u00e9gesben a v\u00e9gtelenre l\u00e1tva.  Testv\u00e9rr\u00e9 tett\u00e9l benn\u00fcnket a gy\u00e1szban: ki\u00e9rdemelj\u00fck-e, &#8211; t\u00e9ged id\u00e9zlek:  hogy a sz\u00edv\u00fcnk egy kicsit f\u00e1jjon \u00e9rted. Hissz\u00fck, hogyne hinn\u00e9nk, hogy  azt pr\u00f3b\u00e1lja meg az \u00dar, akit a legink\u00e1bb szeret, de te tudtad is, s\u0151t  meg\u00edrtad, f\u00e1jdalmasan sz\u00e9p vers-pr\u00f3f\u00e9ci\u00e1kban meg is \u00e9nekelted. H\u00e1nyszor  f\u00f6llapoztuk oket az elm\u00falt h\u00f3napokban, azt\u00e1n a k\u00f6nyvek valahogy mindig  ott maradtak fel\u00fctve, ann\u00e1l a versn\u00e9l, hogy \u201ea rem\u00e9ny sohasem meghal\u00f3,\/  ha minden utols\u00f3 szalmasz\u00e1l\/ ABB\u00d3L A J\u00c1SZOLB\u00d3L VAL\u00d3!\u201d<br> <br>Majdnem napra pontosan egy \u00e9ve, hogy ott \u00e1lltunk az orsz\u00e1g t\u00fals\u00f3 v\u00e9g\u00e9n  Ungv\u00e1ron, Pet\u0151fi S\u00e1ndor szobra el\u0151tt. Sokan vett\u00fck k\u00f6rbe a kardos bronz  sihedert, Ferenczy B\u00e9ni szobr\u00e1t, a M\u0171v\u00e9szeti Akad\u00e9mia komoly tags\u00e1ga, &#8211;  r\u00e1n\u00e9z\u00e9sre ink\u00e1bb lelkes h\u00f3sz\u00fcretel\u0151k, mert \u00fagy szakadt \u00e1m a h\u00f3 eg\u00e9sz  K\u00e1rp\u00e1talj\u00e1n, mint az\u00f3ta soha, s tal\u00e1n itt a szel\u00eddebb Pannon t\u00e1jon,  f\u00f6ldid-Berzsenyi s Nagy L\u00e1szl\u00f3 dombjai k\u00f6zt annak el\u0151tte sem.<br>Nem kellett sokat tanakodni, ki tegye a koszor\u00fat Pet\u0151fi l\u00e1ba el\u00e9, oly mag\u00e1t\u00f3l \u00e9rtet\u0151d\u0151n fordult mindenki fel\u00e9d.<br> <br>Valahogy \u00edgy k\u00e9pzelem azt a m\u00e1r t\u00f6rt\u00e9nelemk\u00f6nyvekb\u0151l ismer\u0151s jelenetet  is, amikor eld\u00f6ntetett, ki lesz legm\u00e9lt\u00f3bb a magyar \u00edr\u00f3k k\u00f6zt arra, hogy  a forradalm\u00e1r minisztereln\u00f6k kopors\u00f3j\u00e1hoz \u00e1lljon. G\u00e1sp\u00e1r legyen az! \u0150  volt, aki v\u00e1llalta, \u00e9s csak a kamasz Pet\u0151fihez m\u00e9rhet\u0151 b\u00e1tors\u00e1ggal tette  is a k\u00f6lt\u0151k erk\u00f6lcsi k\u00f6teless\u00e9g\u00e9t: \u00e1ll\u00e1st foglalt akkor is, a diktat\u00fara  \u00e9vtizedeiben is, \u00e9s a leghat\u00e1rozottabban. A f\u00e9lelmen t\u00fali tartom\u00e1ny  dalokra elsz\u00e1nt k\u00f6lyke. Nem egyszerre dobbant a sz\u00edve, egy \u00fctemmel  el\u0151bb, mint n\u00e9p\u00e9\u00e9, \u00e9rz\u00e9kenyebbnek kellett lennie mindny\u00e1junkn\u00e1l, hogy  sz\u00f3lhasson, amikor mi m\u00e9g dadogni sem tudtunk. 68-ban k\u00f6lt\u0151 lettem a  sz\u00e9gyent\u0151l &#8211; mondta egyszer, \u00e9s holt\u00e1ig nem adatott meg neki, hogy  letehesse a tollat. Az volt a dolga, hogy megf\u00e1jduljon a gyomra a  hitv\u00e1nys\u00e1gokt\u00f3l \u00e9s belepusztuljon a hazugs\u00e1gokba. Helyett\u00fcnk tette.  \u00c9rt\u00fcnk tette.<br> <br>Vajon vigy\u00e1zott-e a haza k\u00f6lt\u0151 fi\u00e1ra, \u00e9s mi vigy\u00e1ztunk-e el\u00e9gg\u00e9 a j\u00f3  bar\u00e1tra? Kapkodva pr\u00f3b\u00e1ljuk \u00f6sszeszedni eml\u00e9keinket, mintha \u00fajra\u00e9p\u00edthet\u0151  lenne bel\u0151l\u00fck Nagy Gazsi. Az a magas sz\u0151ke fi\u00fa, a sz\u0151l\u0151lev\u00e9lz\u00f6ld szem\u0171,  a cellacs\u00edk\u00fa ingben, sz\u00e9p arc\u00e1n a halmozottan kialvatlan \u00e9jszak\u00e1kkal.  Mozdulatok, hangok \u00e9s sz\u00ednek \u00e9lesednek ki, azt\u00e1n fakulnak el,  visszavonhatatlanul. \u00c9s persze j\u00f6n a torokszor\u00edt\u00f3 \u00f6nv\u00e1d: ny\u00fajtottuk-e  fel\u00e9 a kez\u00fcnket el\u00e9gszer, \u00e9s \u00e9szrevett\u00fck-e mindig, amikor \u0151 ny\u00fajtotta  ki? Tal\u00e1n azt hitt\u00fck, aki mor\u00e1lis k\u00e9rd\u00e9sekben ily rend\u00edthetetlen\u00fcl  szil\u00e1rd, k\u0151szikla ember, azon nem foghat semmi k\u00f3rs\u00e1g.<br> <br>Helyzeteket k\u00e9pzelek, jeleneteket id\u00e9zek meg, amikor hi\u00e1nyozni fogsz,  amikor n\u00e9lk\u00fcl\u00f6zhetetlen leszel, \u00e9s a betuk boldog k\u00f6nnycseppjeire  gondolok, s az \u00f6r\u00f6kre meg\u00edratlan k\u00f6ltem\u00e9nyekre, amelyeken m\u00e1r nem lehet  merengni, vagy egy metafora \u00e9rtelm\u00e9t megsejtve faggat\u00f3zni, hogy \u00fagy  van-e, t\u00e9nyleg. \u00c9s persze illusztr\u00e1lni sem lehet m\u00e1r \u0151ket. Tudom,  meg\u00edrtad: a repk\u00e9ny befutja az \u00f6sszes id\u0151t, de lesz majd, hogy egy  hosszabb\u00edt\u00e1sban elvesztett rangad\u00f3 v\u00e9g\u00e9n, vagy egy  ak\u00e1r-gy\u0151zhett\u00fcnk-is-volna selejtez\u0151 lef\u00faj\u00e1sakor odal\u00e9pek a telefonhoz,  \u00e9s miel\u0151tt be\u00fctn\u00e9m a n\u00e9gy\u00f6tven-n\u00e9gyhetvenet, v\u00e1rok egy szemhuny\u00e1snyit,  h\u00e1tha megel\u0151z\u00f6l. Mindig megel\u0151zt\u00e9l. Most is el\u0151ttem vagy. El\u0151tt\u00fcnk  indulsz,\u2026Isten meg\u00e1ldjon,<br>\u201eBiztos landol\u00e1st, j\u00f3 visszat\u00e9r\u00e9st meg\u00edg\u00e9rt birtokunkra,<br> \u00e1men.\u201d<\/p>\n\n\n\n<figure class=\"wp-block-audio\"><audio controls src=\"https:\/\/drive.google.com\/uc?export=download&amp;id=1ZjTS7V5ytjIx4sV6Gj6sejbqmUmkpovN\"><\/audio><\/figure>\n","protected":false},"excerpt":{"rendered":"<p>SZ\u00c9LJEGYZET EGY SZOBORHOZ J\u00f6jj\u00f6n a fagy, meleg\u00edtsen! ? Nagy G\u00e1sp\u00e1r sor\u00e1val k\u00f6sz\u00f6nt\u00f6m \u00f6n\u00f6ket: ha nagy a hideg (most nagyon nagy), \u00f6szt\u00f6n\u00f6sen egym\u00e1shoz h\u00faz\u00f3dunk, de ne felejts\u00e9k, a k\u00f6lt\u00e9szet is \u00e9ppen erre val\u00f3: hogy var\u00e1zsk\u00f6rt rajzoljon k\u00f6r\u00e9nk, s e k\u00f6rben k\u00f6zelebb ker\u00fclj\u00fcnk egym\u00e1shoz. Hogy melegedj\u00fcnk. \u00c9rtettem-e vajon a verseit el\u00e9gg\u00e9, a szavakat \u00e9s a cs\u00f6ndeket, amelyek egyszerre voltak horgonyozva r\u00f6vid\u00fcl\u0151 t\u00e9ld\u00e9lut\u00e1ni \u00e1rnyainkhoz \u00e9s ama \u00e9gig\u00e9r\u0151 k\u00fat j\u00e9gpikkelyes magas\u00e1hoz. Vajon tudtam-e, mire gondol, amikor felolvasta: v\u00e9ge lesz ennek a h\u00edg mel\u00f3nak\/ j\u00f6nnek \u00e9rted a szabad napok\/ \u00e1th\u00fazod cs\u00f6ndben \u00f6sszes versedet\/ meg\u00e9rted mi\u00e9rt szabadrabok. Elhadartam persze a leck\u00e9t, rabok legy\u00fcnk, vagy szabadok, \u00e9s [&hellip;]<\/p>\n","protected":false},"author":2,"featured_media":0,"parent":0,"menu_order":0,"comment_status":"closed","ping_status":"closed","template":"","meta":{"footnotes":""},"class_list":["post-127","page","type-page","status-publish","hentry"],"_links":{"self":[{"href":"https:\/\/jobbkor.hu\/index.php\/wp-json\/wp\/v2\/pages\/127","targetHints":{"allow":["GET"]}}],"collection":[{"href":"https:\/\/jobbkor.hu\/index.php\/wp-json\/wp\/v2\/pages"}],"about":[{"href":"https:\/\/jobbkor.hu\/index.php\/wp-json\/wp\/v2\/types\/page"}],"author":[{"embeddable":true,"href":"https:\/\/jobbkor.hu\/index.php\/wp-json\/wp\/v2\/users\/2"}],"replies":[{"embeddable":true,"href":"https:\/\/jobbkor.hu\/index.php\/wp-json\/wp\/v2\/comments?post=127"}],"version-history":[{"count":2,"href":"https:\/\/jobbkor.hu\/index.php\/wp-json\/wp\/v2\/pages\/127\/revisions"}],"predecessor-version":[{"id":207,"href":"https:\/\/jobbkor.hu\/index.php\/wp-json\/wp\/v2\/pages\/127\/revisions\/207"}],"wp:attachment":[{"href":"https:\/\/jobbkor.hu\/index.php\/wp-json\/wp\/v2\/media?parent=127"}],"curies":[{"name":"wp","href":"https:\/\/api.w.org\/{rel}","templated":true}]}}