{"id":182,"date":"2019-10-28T17:15:12","date_gmt":"2019-10-28T16:15:12","guid":{"rendered":"http:\/\/proba.jobbkor.hu\/?page_id=182"},"modified":"2019-11-04T06:53:08","modified_gmt":"2019-11-04T05:53:08","slug":"rendezvenyeink","status":"publish","type":"page","link":"https:\/\/jobbkor.hu\/index.php\/rendezvenyeink\/","title":{"rendered":"Rendezv\u00e9nyeink"},"content":{"rendered":"\n<ul class=\"wp-block-list\"><li><a href=\"http:\/\/jobbkor.hu\/index.php\/kereszteny-talalkozo\/\">Budakeszi Kereszt\u00e9ny Tal\u00e1lkoz\u00f3<\/a><\/li><\/ul>\n\n\n\n<ul class=\"wp-block-list\"><li><a href=\"http:\/\/jobbkor.hu\/index.php\/oktober-23\/\">Okt\u00f3ber 23.<\/a><\/li><\/ul>\n\n\n\n<p><\/p>\n","protected":false},"excerpt":{"rendered":"<p>Budakeszi Kereszt\u00e9ny Tal\u00e1lkoz\u00f3 Okt\u00f3ber 23.<\/p>\n","protected":false},"author":3,"featured_media":0,"parent":0,"menu_order":0,"comment_status":"closed","ping_status":"closed","template":"","meta":{"footnotes":""},"class_list":["post-182","page","type-page","status-publish","hentry"],"_links":{"self":[{"href":"https:\/\/jobbkor.hu\/index.php\/wp-json\/wp\/v2\/pages\/182","targetHints":{"allow":["GET"]}}],"collection":[{"href":"https:\/\/jobbkor.hu\/index.php\/wp-json\/wp\/v2\/pages"}],"about":[{"href":"https:\/\/jobbkor.hu\/index.php\/wp-json\/wp\/v2\/types\/page"}],"author":[{"embeddable":true,"href":"https:\/\/jobbkor.hu\/index.php\/wp-json\/wp\/v2\/users\/3"}],"replies":[{"embeddable":true,"href":"https:\/\/jobbkor.hu\/index.php\/wp-json\/wp\/v2\/comments?post=182"}],"version-history":[{"count":2,"href":"https:\/\/jobbkor.hu\/index.php\/wp-json\/wp\/v2\/pages\/182\/revisions"}],"predecessor-version":[{"id":383,"href":"https:\/\/jobbkor.hu\/index.php\/wp-json\/wp\/v2\/pages\/182\/revisions\/383"}],"wp:attachment":[{"href":"https:\/\/jobbkor.hu\/index.php\/wp-json\/wp\/v2\/media?parent=182"}],"curies":[{"name":"wp","href":"https:\/\/api.w.org\/{rel}","templated":true}]}}