{"id":272,"date":"2019-11-02T17:22:41","date_gmt":"2019-11-02T16:22:41","guid":{"rendered":"http:\/\/proba.jobbkor.hu\/?page_id=272"},"modified":"2019-11-07T08:45:11","modified_gmt":"2019-11-07T07:45:11","slug":"karpataljai-magyar-gyermekek-nyaraltatasa-2007","status":"publish","type":"page","link":"https:\/\/jobbkor.hu\/index.php\/karpataljai-magyar-gyermekek-nyaraltatasa-2007\/","title":{"rendered":"K\u00e1rp\u00e1taljai magyar gyermekek nyaraltat\u00e1sa &#8211; 2007."},"content":{"rendered":"\n<p>K\u00e1rp\u00e1taljai magyar gyermekeket nyaraltattunk Magyarorsz\u00e1gon 2007-ben.<\/p>\n\n\n\n\n\n<p>Egyes\u00fclet\u00fcnk  kezdem\u00e9nyez\u00e9s\u00e9vel \u00e9s szervez\u00e9s\u00e9vel, sok kedves t\u00e1mogat\u00f3 seg\u00edts\u00e9g\u00e9vel 14 k\u00e1rp\u00e1taljai h\u00e1tr\u00e1nyos helyzet\u0171 gyermek t\u00f6lthetett el egy  tartalmas hetet Magyarorsz\u00e1gon 2007 augusztus\u00e1ban. <\/p>\n\n\n\n<p>A vend\u00e9g gyermekek \u00e9s h\u00e1rom feln\u0151tt  k\u00eds\u00e9r\u0151j\u00fck nagy izgalommal \u00e9rkeztek meg Budakeszire, hiszen h\u00e1rmuk  kiv\u00e9tel\u00e9vel nem l\u00e9pett m\u00e9g egyik\u00fck sem a jelenlegi hat\u00e1rok innens\u0151 oldal\u00e1ra, a hivatalos Magyarorsz\u00e1g f\u00f6ldj\u00e9re. \u00datlevel\u00fck \u00e9s v\u00edzumuk k\u00f6lts\u00e9geit (amely jelent\u0151s \u00f6sszeg) is az Egyes\u00fclet fedezte, hiszen en\u00e9lk\u00fcl nem tudt\u00e1k volna elhagyni sz\u00fcl\u0151f\u00f6ldj\u00fcket. Elhelyez\u00e9s\u00fckr\u0151l  Budakeszi h\u00e9t csal\u00e1dja gondoskodott, a napk\u00f6zbeni programokat az Egyes\u00fclet tagjai \u00e1ll\u00edtott\u00e1k \u00f6ssze \u00e9s val\u00f3s\u00edtott\u00e1k meg. A tartalmas h\u00e9t programj\u00e1ba belef\u00e9rt Budapest nevezetess\u00e9geinek megtekint\u00e9se (Parlament a  Szent Koron\u00e1val, a H\u0151s\u00f6k tere, a Budai V\u00e1r \u00e9s a M\u00e1ty\u00e1s templom, a  Hadt\u00f6rt\u00e9neti \u00e9s a Term\u00e9szettudom\u00e1nyi M\u00fazeum), valamint a nagy vil\u00e1gv\u00e1ros  pezsg\u0151 hangulat\u00e1nak megtapasztal\u00e1sa, a metr\u00f3z\u00e1s, a villamosoz\u00e1s \u00e9s  liftez\u00e9s a Mammutban. Az \u00e9letkoruknak (7-14 \u00e9v k\u00f6z\u00f6tt) megfelel\u0151en  term\u00e9szetesen a sok-sok \u00e9rdekes j\u00e1tsz\u00f3t\u00e9r is helyet kapott a programban.  A gyermekek j\u00e1rtak a Dunakanyarban, bej\u00e1rt\u00e1k a visegr\u00e1di v\u00e1rat, k\u00e9t napot t\u00f6lt\u00f6ttek a B\u00f6rzs\u00f6nyben, kir\u00e1ndultak Kir\u00e1lyr\u00e9ten, f\u00fcr\u00f6dtek a Dun\u00e1ban, voltak Ver\u0151c\u00e9n a Sz\u00e9kely t\u00e1borban. Egy budakeszi aut\u00f3buszos  j\u00f3volt\u00e1b\u00f3l a magyar tengerre is lel\u00e1togattak. A tihanyi ap\u00e1ts\u00e1g  megtekint\u00e9se ut\u00e1n nagyot lubickoltak a sajkodi strandon. <\/p>\n\n\n\n<p>J\u00e1rtunkban-kelt\u00fcnkben szinte mindenhol  egy\u00fctt\u00e9rz\u0151 t\u00e1mogat\u00f3kra, seg\u00edteni akar\u00f3 emberekre tal\u00e1ltunk, pl.  megh\u00edvtak a Marcip\u00e1n M\u00fazeumba, egy pizz\u00e1ra vend\u00e9gek voltunk a Pizza Port\u00e1n, de \u00edgy kelt\u00fcnk \u00e1t f\u00e9l \u00e1ron komppal a Dun\u00e1n, \u00edgy ett\u00fcnk Ver\u0151c\u00e9n egy finom guly\u00e1st, \u00edgy fagyiztunk t\u00f6bb helyen is jelent\u0151s kedvezm\u00e9nnyel, \u00e9s bel\u00e9p\u0151d\u00edj fizet\u00e9se helyett t\u00f6bbsz\u00f6r is kedves szavakat kaptunk.  Est\u00e9nk\u00e9nt, programjaink z\u00e1r\u00f3akkordjak\u00e9nt a Budakeszi Orsz\u00e1gz\u00e1szl\u00f3 t\u00f6v\u00e9ben mondtunk el egy h\u00e1laad\u00f3 im\u00e1t. <\/p>\n\n\n\n<p>A h\u00e9t sor\u00e1n t\u00f6bb meghat\u00f3 pillanatban is r\u00e9sz\u00fcnk volt. Ilyenek egyike a m\u00fazeumi s\u00e9ta sor\u00e1n a \u201eTrianon\u201d  fogalm\u00e1val val\u00f3 tal\u00e1lkoz\u00e1s a b\u00e9ket\u00e1rgyal\u00e1s t\u00e1rgyi eml\u00e9kei k\u00f6z\u00f6tt, t\u00e1tott  sz\u00e1jak a nagy Magyarorsz\u00e1g t\u00e9rk\u00e9p el\u0151tt, de eml\u00edthetn\u00e9nk, hogy  idegenvezet\u0151nk is egy\u00fctt im\u00e1dkozott vel\u00fcnk a M\u00e1ty\u00e1s templomban. <\/p>\n\n\n\n<p>A program sor\u00e1n nemcsak a vend\u00e9gek, de a szervez\u0151k is olyan \u00e9lm\u00e9nyeket kaptak, amelyeket sohasem felejtenek el \u00e9s amelyek rem\u00e9nyt adhatnak egy \u201eJobb Kor\u201d bek\u00f6sz\u00f6nt\u00e9hez. <\/p>\n\n\n\n<p>K\u00f6sz\u00f6net illeti mindazokat, akik  p\u00e9nzzel, aj\u00e1nd\u00e9kokkal, vagy term\u00e9szetben seg\u00edtett\u00e9k a programot, saj\u00e1t  idej\u00fcket \u00e1ldozt\u00e1k a gyermekek\u00e9rt. K\u00f6sz\u00f6net a t\u00e1mogat\u00e1s\u00e9rt a Jobb Kor Polg\u00e1ri Egyes\u00fclet seg\u00edt\u0151, adom\u00e1nyoz\u00f3 \u00e9s sz\u00e1ll\u00e1st ad\u00f3 csal\u00e1djainak,  valamint az elhelyez\u00e9st biztos\u00edt\u00f3 tov\u00e1bbi csal\u00e1doknak: Cziffra \u00c9v\u00e1nak \u00e9s  Lajosnak, Gy\u0151ri csal\u00e1dnak, Vargyas Ildik\u00f3nak, a Juh\u00e1sz csal\u00e1dnak, a  B\u00e1nkuti csal\u00e1dnak \u00e9s a Schall csal\u00e1dnak. K\u00f6sz\u00f6net tov\u00e1bb\u00e1 a k\u00f6vetkez\u0151  c\u00e9geknek \u00e9s mag\u00e1nszem\u00e9lyeknek: AMC Europe Kft., Sk\u00e1la Buda  Ingatlanhasznos\u00edt\u00f3 Kft., Goma zRt., Budasign Kft., Grafic Line Kft., Pizza Porta, Atlatnisz-Visegr\u00e1d Club Kft., Szab\u00f3 Marcip\u00e1n cukr\u00e1szda, Merhavia Kft., Szalt\u00f3 Bt., Ludwig \u00e9s Mentesi p\u00e9ks\u00e9g, Gr\u00e4fl cukr\u00e1szda,  B\u00edr\u00f3 Ildik\u00f3, Bethlen Farkas, Farkas G\u00e1bor, Fassang J\u00e1nos, Ga\u00e1l Istv\u00e1n  (\u201eErd\u00e9lyorsz\u00e1g az \u00e9n haz\u00e1m fesztiv\u00e1l\u201d), Horv\u00e1th Luca, Kuti Gyula, Petrik  csal\u00e1d, Simai Gy\u00f6rgy, Thaly csal\u00e1d \u00e9s azoknak a n\u00e9vtelen adakoz\u00f3knak,  akik minket a strandon lesz\u00f3l\u00edtva, adom\u00e1nyukat a postal\u00e1d\u00e1ba bedobva,  vagy egy\u00e9b m\u00f3don t\u00e1mogatt\u00e1k a programot. <\/p>\n\n\n\n<p>B\u00e1gyoni-Szab\u00f3 Zsuzsanna <\/p>\n","protected":false},"excerpt":{"rendered":"<p>K\u00e1rp\u00e1taljai magyar gyermekeket nyaraltattunk Magyarorsz\u00e1gon 2007-ben. Egyes\u00fclet\u00fcnk kezdem\u00e9nyez\u00e9s\u00e9vel \u00e9s szervez\u00e9s\u00e9vel, sok kedves t\u00e1mogat\u00f3 seg\u00edts\u00e9g\u00e9vel 14 k\u00e1rp\u00e1taljai h\u00e1tr\u00e1nyos helyzet\u0171 gyermek t\u00f6lthetett el egy tartalmas hetet Magyarorsz\u00e1gon 2007 augusztus\u00e1ban. A vend\u00e9g gyermekek \u00e9s h\u00e1rom feln\u0151tt k\u00eds\u00e9r\u0151j\u00fck nagy izgalommal \u00e9rkeztek meg Budakeszire, hiszen h\u00e1rmuk kiv\u00e9tel\u00e9vel nem l\u00e9pett m\u00e9g egyik\u00fck sem a jelenlegi hat\u00e1rok innens\u0151 oldal\u00e1ra, a hivatalos Magyarorsz\u00e1g f\u00f6ldj\u00e9re. \u00datlevel\u00fck \u00e9s v\u00edzumuk k\u00f6lts\u00e9geit (amely jelent\u0151s \u00f6sszeg) is az Egyes\u00fclet fedezte, hiszen en\u00e9lk\u00fcl nem tudt\u00e1k volna elhagyni sz\u00fcl\u0151f\u00f6ldj\u00fcket. Elhelyez\u00e9s\u00fckr\u0151l Budakeszi h\u00e9t csal\u00e1dja gondoskodott, a napk\u00f6zbeni programokat az Egyes\u00fclet tagjai \u00e1ll\u00edtott\u00e1k \u00f6ssze \u00e9s val\u00f3s\u00edtott\u00e1k meg. A tartalmas h\u00e9t programj\u00e1ba belef\u00e9rt Budapest nevezetess\u00e9geinek megtekint\u00e9se (Parlament a [&hellip;]<\/p>\n","protected":false},"author":2,"featured_media":0,"parent":0,"menu_order":0,"comment_status":"closed","ping_status":"closed","template":"","meta":{"footnotes":""},"class_list":["post-272","page","type-page","status-publish","hentry"],"_links":{"self":[{"href":"https:\/\/jobbkor.hu\/index.php\/wp-json\/wp\/v2\/pages\/272","targetHints":{"allow":["GET"]}}],"collection":[{"href":"https:\/\/jobbkor.hu\/index.php\/wp-json\/wp\/v2\/pages"}],"about":[{"href":"https:\/\/jobbkor.hu\/index.php\/wp-json\/wp\/v2\/types\/page"}],"author":[{"embeddable":true,"href":"https:\/\/jobbkor.hu\/index.php\/wp-json\/wp\/v2\/users\/2"}],"replies":[{"embeddable":true,"href":"https:\/\/jobbkor.hu\/index.php\/wp-json\/wp\/v2\/comments?post=272"}],"version-history":[{"count":6,"href":"https:\/\/jobbkor.hu\/index.php\/wp-json\/wp\/v2\/pages\/272\/revisions"}],"predecessor-version":[{"id":431,"href":"https:\/\/jobbkor.hu\/index.php\/wp-json\/wp\/v2\/pages\/272\/revisions\/431"}],"wp:attachment":[{"href":"https:\/\/jobbkor.hu\/index.php\/wp-json\/wp\/v2\/media?parent=272"}],"curies":[{"name":"wp","href":"https:\/\/api.w.org\/{rel}","templated":true}]}}