{"id":357,"date":"2019-11-03T19:07:05","date_gmt":"2019-11-03T18:07:05","guid":{"rendered":"http:\/\/proba.jobbkor.hu\/?page_id=357"},"modified":"2019-11-03T19:07:05","modified_gmt":"2019-11-03T18:07:05","slug":"nemzeti-megmentesi-program","status":"publish","type":"page","link":"https:\/\/jobbkor.hu\/index.php\/nemzeti-megmentesi-program\/","title":{"rendered":"Nemzeti Megment\u00e9si Program"},"content":{"rendered":"\n<p>A Jobb Kor Polg\u00e1ri K\u00f6r tervezete&nbsp;<\/p>\n\n\n\n<p><strong><em>1.)<\/em><\/strong><strong><em>&nbsp;<\/em><\/strong><strong><em>Felk\u00e9sz\u00fcl\u00e9s a magyar term\u0151f\u00f6ldek k\u00fclf\u00f6ldi k\u00e9zbe ker\u00fcl\u00e9s\u00e9nek\nmegakad\u00e1lyoz\u00e1s\u00e1ra.<\/em><\/strong><\/p>\n\n\n\n<p>a. Orsz\u00e1gos kamp\u00e1ny ind\u00edt\u00e1sa a jelenleg megv\u00e1s\u00e1rolhat\u00f3 f\u00f6ldek megment\u00e9s\u00e9re a nemzeti, polg\u00e1ri er\u0151k, szervezetek tev\u00e9kenys\u00e9g\u00e9nek \u00f6sszefog\u00e1s\u00e1val.<\/p>\n\n\n\n<p>A nem mez\u0151gazdas\u00e1gb\u00f3l \u00e9l\u0151 polg\u00e1rok\nis j\u00e1ruljanak hozz\u00e1 k\u00f6zadakoz\u00e1ssal (\u00f6nzetlen\u00fcl) ahhoz, hogy akik t\u00e9nyleges\ngazd\u00e1lkod\u00e1ssal foglalkoznak, k\u00f6rnyezet\u00fckben a lehet\u0151 legt\u00f6bb term\u0151f\u00f6ldet (ak\u00e1r\nkis-t\u00e1rsul\u00e1si form\u00e1ban is) megszerezhess\u00e9k. (Egy 20 f\u0151s polg\u00e1ri, vagy nemzeti\nk\u00f6r minden tagja \u00f6nk\u00e9nt felaj\u00e1nl 10.000,- Ft-ot; \u00f6sszegy\u0171lik \u00f6sszesen 200.000,-\nFt. H\u00e1rom k\u00f6r 600 ezer forintot adom\u00e1nyozhat az arra \u00e9rdemes gazd\u00e1nak, ezen a\np\u00e9nzen ma m\u00e9g term\u0151f\u00f6ldet lehet v\u00e1s\u00e1rolni, ill. hozz\u00e1j\u00e1rulni annak\nmegszerz\u00e9s\u00e9hez. A k\u00f6r szerz\u0151d\u00e9st k\u00f6t a gazd\u00e1val a f\u00f6ld\nelidegen\u00edthetetlens\u00e9g\u00e9r\u0151l.) Ez hossz\u00fat\u00e1v\u00fa nemzeti \u00e9rdek. <\/p>\n\n\n\n<p>b. Jelenleg uni\u00f3s tags\u00e1gunkat adottnak kell tekinten\u00fcnk, ez\u00e9rt hamarosan \u00e9letbe l\u00e9p a p\u00e1ly\u00e1zati rendszer. A polg\u00e1ri, nemzeti er\u0151k szak\u00e9rt\u0151i \u2013 jog\u00e1szok, jegyz\u0151k, k\u00f6nyvel\u0151k \u2013 <strong><em>helyi szinten <\/em><\/strong>szervezzenek p\u00e1ly\u00e1zati irod\u00e1kat, amelyek<strong><em> \u00f6nk\u00e9nt \u00e9s ingyenesen <\/em><\/strong>seg\u00edts\u00e9k a p\u00e1ly\u00e1zatok megsz\u00f6vegez\u00e9s\u00e9ben j\u00e1ratlan gazd\u00e1lkod\u00f3kat; p\u00e1ly\u00e1zati lehet\u0151s\u00e9gek figyel\u00e9se, t\u00e1j\u00e9koztat\u00e1s, a t\u00e9nyleges p\u00e1ly\u00e1zatok megsz\u00f6vegez\u00e9se. (A \u201ep\u00e1ly\u00e1zati irod\u00e1kat\u201d ingyen, minden k\u00fcl\u00f6n\u00f6sebb anyagi \u00e1ldozat n\u00e9lk\u00fcl meg lehet val\u00f3s\u00edtani! Egy telep\u00fcl\u00e9s szak\u00e9rt\u0151je, szak\u00e9rt\u0151i saj\u00e1t lak\u00e1sukon fogadj\u00e1k a h\u00e9t bizonyos napj\u00e1n a hozz\u00e1 fordul\u00f3kat. \u0150, vagy pedig egy szervezett k\u00f6zpont figyeli a p\u00e1ly\u00e1zati lehet\u0151s\u00e9geket. Ilyenform\u00e1n csak id\u0151 \u00e9s \u00f6nzetlen \u00e1ldozatv\u00e1llal\u00e1s sz\u00fcks\u00e9ges a seg\u00edts\u00e9gny\u00fajt\u00e1shoz, \u00e9s ahhoz, hogy az erre a tev\u00e9kenys\u00e9gre szakosodott \u201ec\u00e1p\u00e1k\u201d tetemes \u00f6sszegek \u2013 10% \u2013 k\u00f6vetel\u00e9s\u00e9vel <strong><em>ne<\/em><\/strong> r\u00f6vid\u00edts\u00e9k meg az am\u00fagy is t\u0151keszeg\u00e9ny kistermel\u0151ket.)<\/p>\n\n\n\n<p>Mindk\u00e9t esetben region\u00e1lis,\n\u00f6ntev\u00e9keny munk\u00e1ra van sz\u00fcks\u00e9g, amelyet mi orsz\u00e1gos szinten ind\u00edtunk el.<\/p>\n\n\n\n<p><strong><em>2.)<\/em><\/strong><strong><em>&nbsp;&nbsp;<\/em><\/strong><strong><em>A m\u00e9g magyar \u00e1llami tulajdonban l\u00e9v\u0151 nagyv\u00e1llalatok privatiz\u00e1l\u00e1s\u00e1nak, k\u00fclf\u00f6ldi\ntulajdonba t\u00f6rt\u00e9n\u0151 \u00e1tj\u00e1tsz\u00e1s\u00e1nak megakad\u00e1lyoz\u00e1sa.<\/em><\/strong><\/p>\n\n\n\n<p>a. Azonnali, sz\u00e9lesk\u00f6r\u0171, orsz\u00e1gos t\u00e1j\u00e9koztat\u00e1s a \u201994 \u00e9s \u201998 k\u00f6z\u00f6tti privatiz\u00e1ci\u00f3 eredm\u00e9ny\u00e9r\u0151l (a volt \u00e1llami tulajdon 80%-a k\u00fclf\u00f6ldi k\u00e9zben), \u00e9s a jelenlegi korm\u00e1ny terv\u00e9r\u0151l, a marad\u00e9k 20% elad\u00e1si sz\u00e1nd\u00e9k\u00e1r\u00f3l.<\/p>\n\n\n\n<p>b. Orsz\u00e1gos tiltakoz\u00f3 hull\u00e1m megind\u00edt\u00e1sa a sz\u00e1nd\u00e9k val\u00f3rav\u00e1lt\u00e1s\u00e1nak megakad\u00e1lyoz\u00e1s\u00e1ra: tiltakoz\u00f3 helyi megmozdul\u00e1sok, orsz\u00e1gos sztr\u00e1jkok, \u00fatlez\u00e1r\u00e1sok stb\u2026<\/p>\n\n\n\n<p>Tiszt\u00e1ban vagyunk azzal, hogy a\nszakszervezeti vezet\u0151k nem potenci\u00e1lis partnereink ebben a t\u00f6rekv\u00e9sben \u2013 vagy\ncsak csek\u00e9ly m\u00e9rt\u00e9kben \u2013, azonban a munk\u00e1stan\u00e1csok, a gazdak\u00f6r\u00f6k \u00e9s a polg\u00e1ri\nk\u00f6r\u00f6k k\u00f6zrem\u0171k\u00f6d\u00e9s\u00e9vel ezt m\u00e9gis meg kell pr\u00f3b\u00e1lnunk, nincs m\u00e1s t\u00f6rv\u00e9nyes\neszk\u00f6z a kez\u00fcnkben!<\/p>\n\n\n\n<p>Budakeszi, 2003. m\u00e1jus 12.<\/p>\n\n\n\n<p>Jobb Kor Polg\u00e1ri K\u00f6r, Budakeszi<\/p>\n","protected":false},"excerpt":{"rendered":"<p>A Jobb Kor Polg\u00e1ri K\u00f6r tervezete&nbsp; 1.)&nbsp;Felk\u00e9sz\u00fcl\u00e9s a magyar term\u0151f\u00f6ldek k\u00fclf\u00f6ldi k\u00e9zbe ker\u00fcl\u00e9s\u00e9nek megakad\u00e1lyoz\u00e1s\u00e1ra. a. Orsz\u00e1gos kamp\u00e1ny ind\u00edt\u00e1sa a jelenleg megv\u00e1s\u00e1rolhat\u00f3 f\u00f6ldek megment\u00e9s\u00e9re a nemzeti, polg\u00e1ri er\u0151k, szervezetek tev\u00e9kenys\u00e9g\u00e9nek \u00f6sszefog\u00e1s\u00e1val. A nem mez\u0151gazdas\u00e1gb\u00f3l \u00e9l\u0151 polg\u00e1rok is j\u00e1ruljanak hozz\u00e1 k\u00f6zadakoz\u00e1ssal (\u00f6nzetlen\u00fcl) ahhoz, hogy akik t\u00e9nyleges gazd\u00e1lkod\u00e1ssal foglalkoznak, k\u00f6rnyezet\u00fckben a lehet\u0151 legt\u00f6bb term\u0151f\u00f6ldet (ak\u00e1r kis-t\u00e1rsul\u00e1si form\u00e1ban is) megszerezhess\u00e9k. (Egy 20 f\u0151s polg\u00e1ri, vagy nemzeti k\u00f6r minden tagja \u00f6nk\u00e9nt felaj\u00e1nl 10.000,- Ft-ot; \u00f6sszegy\u0171lik \u00f6sszesen 200.000,- Ft. H\u00e1rom k\u00f6r 600 ezer forintot adom\u00e1nyozhat az arra \u00e9rdemes gazd\u00e1nak, ezen a p\u00e9nzen ma m\u00e9g term\u0151f\u00f6ldet lehet v\u00e1s\u00e1rolni, ill. hozz\u00e1j\u00e1rulni annak megszerz\u00e9s\u00e9hez. A k\u00f6r szerz\u0151d\u00e9st k\u00f6t a [&hellip;]<\/p>\n","protected":false},"author":2,"featured_media":0,"parent":0,"menu_order":0,"comment_status":"closed","ping_status":"closed","template":"","meta":{"footnotes":""},"class_list":["post-357","page","type-page","status-publish","hentry"],"_links":{"self":[{"href":"https:\/\/jobbkor.hu\/index.php\/wp-json\/wp\/v2\/pages\/357","targetHints":{"allow":["GET"]}}],"collection":[{"href":"https:\/\/jobbkor.hu\/index.php\/wp-json\/wp\/v2\/pages"}],"about":[{"href":"https:\/\/jobbkor.hu\/index.php\/wp-json\/wp\/v2\/types\/page"}],"author":[{"embeddable":true,"href":"https:\/\/jobbkor.hu\/index.php\/wp-json\/wp\/v2\/users\/2"}],"replies":[{"embeddable":true,"href":"https:\/\/jobbkor.hu\/index.php\/wp-json\/wp\/v2\/comments?post=357"}],"version-history":[{"count":1,"href":"https:\/\/jobbkor.hu\/index.php\/wp-json\/wp\/v2\/pages\/357\/revisions"}],"predecessor-version":[{"id":358,"href":"https:\/\/jobbkor.hu\/index.php\/wp-json\/wp\/v2\/pages\/357\/revisions\/358"}],"wp:attachment":[{"href":"https:\/\/jobbkor.hu\/index.php\/wp-json\/wp\/v2\/media?parent=357"}],"curies":[{"name":"wp","href":"https:\/\/api.w.org\/{rel}","templated":true}]}}