{"id":360,"date":"2019-11-03T19:21:30","date_gmt":"2019-11-03T18:21:30","guid":{"rendered":"http:\/\/proba.jobbkor.hu\/?page_id=360"},"modified":"2019-11-03T19:31:34","modified_gmt":"2019-11-03T18:31:34","slug":"igen-a-fuggetlensegre-nem-az-eu-ra","status":"publish","type":"page","link":"https:\/\/jobbkor.hu\/index.php\/igen-a-fuggetlensegre-nem-az-eu-ra\/","title":{"rendered":"Igen \u2013 a F\u00fcggetlens\u00e9gre! Nem \u2013 az EU-ra!"},"content":{"rendered":"\n<div class=\"wp-block-group\"><div class=\"wp-block-group__inner-container is-layout-flow wp-block-group-is-layout-flow\">\n<p><strong>A Jobb Kor Polg\u00e1ri k\u00f6r\n\u00e1ll\u00e1sfoglal\u00e1sa<\/strong><strong><\/strong><\/p>\n\n\n\n<p class=\"has-text-align-right\"><strong><em>&nbsp;\u201eBesz\u00e9detek legyen: igen, igen, nem, nem.\u201d<\/em><\/strong><\/p>\n\n\n\n<p class=\"has-text-align-right\"><strong><em>M\u00e1t\u00e9 5, 37<\/em><\/strong><\/p>\n\n\n\n<p><strong>Ki kell v\u00e9gre mondanunk: az Uni\u00f3s n\u00e9pszavaz\u00e1s\nid\u0151pontj\u00e1hoz k\u00f6zeledv\u00e9n &#8211; minden tisztelet\u00fcnk mellett -, hogy nem \u00e9rt\u00fcnk, nem\n\u00e9rthet\u00fcnk egyet Orb\u00e1n Viktor \u00e9s a Fidesz vezet\u0151inek \u00e1ll\u00e1spontj\u00e1val, mely\nszerint ismerv\u00e9n \u00e9s elismerv\u00e9n az Eur\u00f3pai Uni\u00f3hoz t\u00f6rt\u00e9n\u0151 csatlakoz\u00e1s \u00f6sszes\nh\u00e1tr\u00e1nyos \u00e9s megal\u00e1z\u00f3 felt\u00e9tel\u00e9t, \u201eigen\u201d-re sz\u00f3l\u00edtanak fel.<\/strong><\/p>\n\n\n\n<p><strong>Els\u0151 \u00e9s tal\u00e1n egyetlen nyom\u00f3s \u00e9rv\u00fck a \u201em\u00e9gis igen\u201d\nmellett: ha bent vagyunk az EU-ban, kedvez\u0151re tudjuk ford\u00edtani a jelenlegi\nh\u00e1tr\u00e1nyos helyzet\u00fcnket.<\/strong><\/p>\n\n\n\n<p><strong>Mint \u00f6n\u00e1ll\u00f3 v\u00e9lem\u00e9nyalkot\u00e1sra k\u00e9pes,\nnemzete sors\u00e1t \u00e1t\u00e9rz\u0151, azt form\u00e1lni \u00e9s nemcsak elszenvedni akar\u00f3, szuver\u00e9n\npolg\u00e1rok kijelentj\u00fck, nem \u00e9rthet\u00fcnk egyet a k\u00f6vetkez\u0151k miatt:<\/strong><\/p>\n\n\n\n<p><strong>1.)<\/strong><strong> <\/strong><strong>A mag\u00e1nbanki csoportok \u00e1ltal\nfenntartott, kinevezett -\u00e9s nem v\u00e1lasztott- szem\u00e9lyekb\u0151l \u00e1ll\u00f3 <em>Eur\u00f3pai K\u00f6zponti\nBank <\/em>az EU t\u00e9nyleges p\u00e9nz\u00fcgyi-gazdas\u00e1gi ir\u00e1ny\u00edt\u00f3 test\u00fclete.\nM\u0171k\u00f6d\u00e9s\u00e9nek f\u00fcggetlens\u00e9g\u00e9t a Maastricht-i Egyezm\u00e9ny 107. cikkelye hat\u00e1rozza\nmeg, mely azt mondja ki, hogy semmilyen v\u00e1lasztott szerv, vagy test\u00fclet a\nm\u0171k\u00f6d\u00e9s\u00e9t nem ellen\u0151rizheti, befoly\u00e1s\u00e1t nem \u00e9rv\u00e9nyes\u00edtheti ir\u00e1ny\u00e1ban.<\/strong><\/p>\n\n\n\n<p><strong>Teh\u00e1t az EU\np\u00e9nzeloszt\u00f3 rendszer\u00e9n nek\u00fcnk nincs m\u00f3dunk bel\u00fclr\u0151l v\u00e1ltoztatni!<\/strong><\/p>\n\n\n\n<p><strong>2.)<\/strong><strong> <\/strong><strong>Az EU t\u00e9nyleges korm\u00e1nya az <em>Eur\u00f3pai\nBizotts\u00e1g<\/em>. Jean-Luc Dehaene, az EU Konvent aleln\u00f6ke janu\u00e1rban\nMagyarorsz\u00e1gon j\u00e1rt, \u00e9s k\u00f6z\u00f6lte vel\u00fcnk, ne is sz\u00e1m\u00edtsunk arra, hogy ebbe a\ntest\u00fcletbe magyar &#8211; ill. az \u00faj bel\u00e9p\u0151k k\u00f6z\u00fcl b\u00e1rki &#8211; beker\u00fclhet, ehelyett\nkeress\u00fcnk magunknak poz\u00edci\u00f3kat m\u00e1s, alacsonyabb szint\u0171 szervezetekben.\nNyilatkozata teljesen ellent\u00e9tes az EU \u201eAlkotm\u00e1ny\u00e1val\u201d (R\u00f3mai Szerz\u0151d\u00e9s,\nAmsterdam, Maastricht, Nizza), amely szerint: \u201ea Bizotts\u00e1g tagjai k\u00f6z\u00f6tt lennie\nkell minden tag\u00e1llam legal\u00e1bb egy \u00e1llampolg\u00e1r\u00e1nak\u2026\u201d<\/strong><\/p>\n\n\n\n<p><strong>Teh\u00e1t az EU\nkorm\u00e1ny\u00e1ban sem v\u00e1llalhat Magyarorsz\u00e1g szerepet \u2013 k\u00f6vetkez\u00e9sk\u00e9ppen v\u00e1ltoztatni\na jelen helyzeten itt sem tud!<\/strong><\/p>\n\n\n\n<p><strong>3.)<\/strong><strong> <\/strong><strong>Az <em>EU Parlamentj\u00e9ben<\/em> 700-n\u00e1l t\u00f6bb\nk\u00e9pvisel\u0151 k\u00f6z\u00f6tt lesz 24 magyar (3%!), \u00e9s a jelen \u00e1ll\u00e1s szerint t\u00f6bbs\u00e9g\u00e9ben a\nmagyar \u00e9rdekek mellett oly \u201ekem\u00e9nyen\u201d ki\u00e1ll\u00f3 SZDSZ \u00e9s MSZP soraib\u00f3l.<\/strong><\/p>\n\n\n\n<p><strong>K\u00f6vetkez\u00e9sk\u00e9ppen\nv\u00e1ltoztatni itt sem tud!<\/strong><\/p>\n\n\n\n<p><strong>4.)<\/strong><strong> <\/strong><strong>Az egy f\u0151re jut\u00f3 <em>EU-s t\u00e1mogat\u00e1s<\/em> Magyarorsz\u00e1gra n\u00e9zve 49\n\u20ac, szemben a G\u00f6r\u00f6gorsz\u00e1gnak \u00e9s Portug\u00e1li\u00e1nak ny\u00fajtott kb. 430 \u20ac-val. Ez a\nKoppenh\u00e1g\u00e1ban r\u00e1nk er\u0151ltetett dikt\u00e1tum teljesen ellent\u00e9tes az <em>Eur\u00f3pai B\u00edr\u00f3s\u00e1g<\/em> \u00e1ltal megfogalmazott\nalapszerz\u0151d\u00e9ssel, amely kimondja: \u201eKi kell z\u00e1rni a K\u00f6z\u00f6ss\u00e9gben a termel\u0151k vagy\na fogyaszt\u00f3k k\u00f6z\u00f6tt minden megk\u00fcl\u00f6nb\u00f6ztet\u00e9st.\u201d<\/strong><\/p>\n\n\n\n<p><strong>Ez is lez\u00e1rt k\u00e9rd\u00e9s,\nv\u00e1ltoztatni m\u00e1r ezen sem lehet!<\/strong><\/p>\n\n\n\n<p><strong>5.)<\/strong><strong> <\/strong><strong>A csek\u00e9ly, m\u00e9rhetetlen\u00fcl ar\u00e1nytalan,<em> a mez\u0151gazdas\u00e1g ter\u00e9n ny\u00fajtand\u00f3 t\u00e1mogat\u00e1shoz<\/em>\nis csak p\u00e1ly\u00e1zatok \u00fatj\u00e1n juthat az egyes termel\u0151.<\/strong><\/p>\n\n\n\n<p><strong>a)<\/strong><strong>&nbsp;&nbsp;&nbsp; <\/strong><strong>A p\u00e1ly\u00e1zatok elb\u00edr\u00e1l\u00e1si ideje 2-3\n\u00e9vig is elh\u00faz\u00f3dhat, ez alatt garant\u00e1lt a magyar termel\u0151k lemarad\u00e1sa,\nversenyk\u00e9ptelens\u00e9ge a nyugatiakkal szemben, magyar\u00e1n nagy r\u00e9sz\u00fck t\u00f6nkremegy, \u00e9s\nf\u00f6ldje elad\u00e1s\u00e1ra k\u00e9nyszer\u00fcl. A vev\u0151 t\u00f6bbnyire k\u00fclf\u00f6ldi lesz, a magyar paraszt\nism\u00e9t zsell\u00e9rr\u00e9 v\u00e1lik.<\/strong><\/p>\n\n\n\n<p><strong>b)<\/strong><strong>&nbsp;&nbsp; <\/strong><strong>A p\u00e1ly\u00e1zatok megfogalmaz\u00e1s\u00e1hoz a\ntermel\u0151knek &#8222;szak\u00e9rt\u0151kre&#8221; lesz sz\u00fcks\u00e9g\u00fck, akik a p\u00e1ly\u00e1zott \u00f6sszeg\nlegal\u00e1bb 10%-\u00e1t fogj\u00e1k elk\u00e9rni munk\u00e1juk\u00e9rt.<\/strong><\/p>\n\n\n\n<p><strong>c)<\/strong><strong>&nbsp;&nbsp;&nbsp; <\/strong><strong>A p\u00e1ly\u00e1zatoknak legjobb esetben is\ncsak 60-70%-a lesz sikeres, \u00e9s ne felejts\u00fck el, hogy mindez csak a r\u00e9gi\ntagoknak ny\u00fajtott \u00f6sszeg 25%-\u00e1b\u00f3l, amit az EU-\u00e1ltal enged\u00e9lyezett &#8211; korl\u00e1tozott\nm\u00e9rt\u00e9k\u0171 &#8211; \u00e1llami t\u00e1mogat\u00e1s eg\u00e9sz\u00edthet ki.<\/strong><\/p>\n\n\n\n<p><strong>\u00d6sszegezve: a magyar\nmez\u0151gazdas\u00e1gi termel\u0151k kb. 1\/5-\u00e9t kaphatj\u00e1k meg annak az \u00f6sszegnek, amit\nnyugati t\u00e1rsaik.<\/strong><\/p>\n\n\n\n<p><strong>Teh\u00e1t Koppenh\u00e1g\u00e1ban az EU a\nlegl\u00e9nyegesebb pontokban saj\u00e1t kor\u00e1bban lefektetett alapelveit r\u00fagta fel a m\u00e1sodrend\u0171k\u00e9nt\nkezelt \u00e1llamokkal, \u00edgy Magyarorsz\u00e1ggal k\u00f6t\u00f6tt szerz\u0151d\u00e9se sor\u00e1n!<\/strong><\/p>\n\n\n\n<p><strong>Hogyan lehet ezen a helyzeten\n&#8222;bel\u00fclr\u0151l&#8221; v\u00e1ltoztatni? Sehogyan!<\/strong><strong>&nbsp;<\/strong><\/p>\n\n\n\n<p><strong>Szanyi Tibor \u00e1llamtitk\u00e1r \u00far \u201emegnyugtatott\u201d minket:\n500 000 magyar termel\u0151 mehet t\u00f6nkre az els\u0151 n\u00e9h\u00e1ny \u00e9vben. K\u00f6sz\u00f6nj\u00fck, erre nem\nb\u00f3lintunk r\u00e1! <\/strong><\/p>\n\n\n\n<p><strong>Erre csak NEM lehet a\nv\u00e1laszunk!<\/strong><\/p>\n\n\n\n<p><strong>Mindezeken t\u00fal vegy\u00fck figyelembe az EU vezet\u0151i \u00e1ltal\nel\u0151re bejelentett, fokozatos t\u00e1mogat\u00e1s-cs\u00f6kkent\u00e9st, amelynek k\u00f6vetkezt\u00e9ben <em>az \u00faj bel\u00e9p\u0151k soha nem \u00e9rhetik el a sz\u00e1z\nsz\u00e1zal\u00e9kot, \u00f6r\u00f6k\u00f6s h\u00e1tr\u00e1nyunk teh\u00e1t megpecs\u00e9tel\u0151d\u00f6tt.<\/em><\/strong><\/p>\n\n\n\n<p><strong>Vesd \u00f6ssze mindezt a fent ismertetett,\naz Eur\u00f3pai B\u00edr\u00f3s\u00e1g \u00e1ltal megfogalmazott alapelvvel, a megk\u00fcl\u00f6nb\u00f6ztet\u00e9s\ntilalm\u00e1val!<\/strong><\/p>\n\n\n\n<p><strong>Vegy\u00fck m\u00e9g figyelembe, hogy a jelenlegi korm\u00e1ny\nnagym\u00e9rt\u00e9k\u0171 privatiz\u00e1ci\u00f3t helyezett kil\u00e1t\u00e1sba &#8211; a Valutaalap pedig\nmegszor\u00edt\u00e1sokat k\u00f6vetel -, amelynek k\u00f6vetkezt\u00e9ben a nemzet vagyon\u00e1nak t\u00falnyom\u00f3\nr\u00e9sze, ha nem teljes eg\u00e9sze ker\u00fcl k\u00fclf\u00f6ldi tulajdonba. <\/strong><\/p>\n\n\n\n<p><strong>Az &#8222;igen&#8221;-re buzd\u00edt\u00f3k\nhogyan sz\u00e1molnak el majd lelkiismeret\u00fckkel, amikor haz\u00e1nkban m\u00e1r semmivel sem\nrendelkez\u00fcnk mi, magyarok?<\/strong><\/p>\n\n\n\n<p><strong>Egy ilyen m\u00e9rt\u00e9kben meggy\u00f6ng\u00fclt anyaorsz\u00e1g nem lehet\nt\u00e1masza a hat\u00e1ron t\u00fali nemzetr\u00e9szeknek sem, \u00edgy a majdani \u00e9s igen k\u00e9tesen\n&#8222;l\u00e9gies\u00edtett&#8221; hat\u00e1rok m\u00e1r nem er\u0151s\u00edthetik a nemzet eg\u00e9sz\u00e9t.<\/strong><\/p>\n\n\n\n<p><strong>Az Eur\u00f3pai Uni\u00f3hoz t\u00f6rt\u00e9n\u0151 csatlakoz\u00e1sr\u00f3l a p\u00e1ly\u00e1z\u00f3k\nk\u00f6z\u00fcl az els\u0151k k\u00f6z\u00f6tt haz\u00e1nkban lesz n\u00e9pszavaz\u00e1s. Ha Magyarorsz\u00e1g\nNEM-et tud mondani a dikt\u00e1tumra, akkor nemcsak bebizony\u00edtja orsz\u00e1g-vil\u00e1g\nel\u0151tt, hogy \u00f6nk\u00e9nt nem hajland\u00f3 Eur\u00f3pa csel\u00e9dj\u00e9v\u00e9 v\u00e1lni, hanem h\u00faz\u00f3er\u0151t is\nk\u00e9pvisel. Az ut\u00e1nunk k\u00f6vetkez\u0151 orsz\u00e1gok m\u00e1r egy olyan b\u00fcszke \u00e9s \u00f6nt\u00f6rv\u00e9ny\u0171\nnemzet p\u00e9ld\u00e1j\u00e1t k\u00f6vethetik, amely,<\/strong><strong> <em>mint 1956-ban<\/em><\/strong><strong> felmutatja a vil\u00e1gnak\nszabads\u00e1gszeretet\u00e9t<\/strong><strong>, \u00e9s amely nemzet csak, mint egyenrang\u00fa f\u00e9l\nhajland\u00f3 r\u00e9szt v\u00e1llalni az eur\u00f3pai n\u00e9pek k\u00f6z\u00f6ss\u00e9g\u00e9ben.<\/strong><\/p>\n\n\n\n<p><strong>Nem fogadhatjuk el a Szent Istv\u00e1n-i p\u00e1rhuzamot sem! Akkor egy er\u0151s,\nhat\u00e1rokkal k\u00f6r\u00fclb\u00e1sty\u00e1zott, \u00f6n\u00e1ll\u00f3, <em>f\u00fcggetlen, kereszt\u00e9ny \u00e1llam l\u00e9trehoz\u00e1sa<\/em> volt a magyars\u00e1g eur\u00f3pai megmarad\u00e1s\u00e1nak egyetlen\nes\u00e9lye. Ma a t\u00e9t, &#8211; hangs\u00falyozzuk,<em> ilyen\nfelt\u00e9telekkel &#8211;<\/em> a f\u00fcggetlens\u00e9g elveszt\u00e9se p\u00e9nz\u00fcgyi, gazdas\u00e1gi,\nhonv\u00e9delmi, kultur\u00e1lis, vall\u00e1si \u00e9s legf\u0151k\u00e9ppen demogr\u00e1fiai t\u00e9ren. Tudjuk, az EU\nir\u00e1ny\u00edt\u00f3i 7-8 milli\u00f3ban limit\u00e1ln\u00e1k a magyars\u00e1g sz\u00e1mukra &#8222;ide\u00e1lis&#8221;\nn\u00e9pess\u00e9g\u00e9t.<\/strong><\/p>\n\n\n\n<p><strong>\u00d6nbecs\u00fcl\u00e9s\u00fcnk kinyilv\u00e1n\u00edt\u00e1sa nek\u00fcnk csak tekint\u00e9lyt \u00e9s\nval\u00f3di partners\u00e9get eredm\u00e9nyezhet. Ne f\u00e9lj az \u00f6nbecs\u00fcl\u00e9s kinyilv\u00e1n\u00edt\u00e1s\u00e1t\u00f3l!<\/strong><\/p>\n\n\n\n<p><strong>Ne f\u00e9lj dikt\u00e1tumokra NEM-et\nmondani!<\/strong><\/p>\n\n\n\n<p><strong>Budakeszi, 2003. febru\u00e1r 18.<\/strong><\/p>\n<\/div><\/div>\n","protected":false},"excerpt":{"rendered":"<p>A Jobb Kor Polg\u00e1ri k\u00f6r \u00e1ll\u00e1sfoglal\u00e1sa &nbsp;\u201eBesz\u00e9detek legyen: igen, igen, nem, nem.\u201d M\u00e1t\u00e9 5, 37 Ki kell v\u00e9gre mondanunk: az Uni\u00f3s n\u00e9pszavaz\u00e1s id\u0151pontj\u00e1hoz k\u00f6zeledv\u00e9n &#8211; minden tisztelet\u00fcnk mellett -, hogy nem \u00e9rt\u00fcnk, nem \u00e9rthet\u00fcnk egyet Orb\u00e1n Viktor \u00e9s a Fidesz vezet\u0151inek \u00e1ll\u00e1spontj\u00e1val, mely szerint ismerv\u00e9n \u00e9s elismerv\u00e9n az Eur\u00f3pai Uni\u00f3hoz t\u00f6rt\u00e9n\u0151 csatlakoz\u00e1s \u00f6sszes h\u00e1tr\u00e1nyos \u00e9s megal\u00e1z\u00f3 felt\u00e9tel\u00e9t, \u201eigen\u201d-re sz\u00f3l\u00edtanak fel. Els\u0151 \u00e9s tal\u00e1n egyetlen nyom\u00f3s \u00e9rv\u00fck a \u201em\u00e9gis igen\u201d mellett: ha bent vagyunk az EU-ban, kedvez\u0151re tudjuk ford\u00edtani a jelenlegi h\u00e1tr\u00e1nyos helyzet\u00fcnket. Mint \u00f6n\u00e1ll\u00f3 v\u00e9lem\u00e9nyalkot\u00e1sra k\u00e9pes, nemzete sors\u00e1t \u00e1t\u00e9rz\u0151, azt form\u00e1lni \u00e9s nemcsak elszenvedni akar\u00f3, szuver\u00e9n polg\u00e1rok kijelentj\u00fck, nem \u00e9rthet\u00fcnk [&hellip;]<\/p>\n","protected":false},"author":2,"featured_media":0,"parent":0,"menu_order":0,"comment_status":"closed","ping_status":"closed","template":"","meta":{"footnotes":""},"class_list":["post-360","page","type-page","status-publish","hentry"],"_links":{"self":[{"href":"https:\/\/jobbkor.hu\/index.php\/wp-json\/wp\/v2\/pages\/360","targetHints":{"allow":["GET"]}}],"collection":[{"href":"https:\/\/jobbkor.hu\/index.php\/wp-json\/wp\/v2\/pages"}],"about":[{"href":"https:\/\/jobbkor.hu\/index.php\/wp-json\/wp\/v2\/types\/page"}],"author":[{"embeddable":true,"href":"https:\/\/jobbkor.hu\/index.php\/wp-json\/wp\/v2\/users\/2"}],"replies":[{"embeddable":true,"href":"https:\/\/jobbkor.hu\/index.php\/wp-json\/wp\/v2\/comments?post=360"}],"version-history":[{"count":3,"href":"https:\/\/jobbkor.hu\/index.php\/wp-json\/wp\/v2\/pages\/360\/revisions"}],"predecessor-version":[{"id":363,"href":"https:\/\/jobbkor.hu\/index.php\/wp-json\/wp\/v2\/pages\/360\/revisions\/363"}],"wp:attachment":[{"href":"https:\/\/jobbkor.hu\/index.php\/wp-json\/wp\/v2\/media?parent=360"}],"curies":[{"name":"wp","href":"https:\/\/api.w.org\/{rel}","templated":true}]}}