{"id":371,"date":"2019-11-03T19:52:29","date_gmt":"2019-11-03T18:52:29","guid":{"rendered":"http:\/\/proba.jobbkor.hu\/?page_id=371"},"modified":"2019-11-03T19:52:29","modified_gmt":"2019-11-03T18:52:29","slug":"az-europai-uniohoz-torteno-csatlakozasunk-alternativaja","status":"publish","type":"page","link":"https:\/\/jobbkor.hu\/index.php\/az-europai-uniohoz-torteno-csatlakozasunk-alternativaja\/","title":{"rendered":"Az Eur\u00f3pai Uni\u00f3hoz t\u00f6rt\u00e9n\u0151 csatlakoz\u00e1sunk alternat\u00edv\u00e1ja"},"content":{"rendered":"\n<p>El\u0151z\u0151 \u00edr\u00e1sunk (\u201eIgen &#8211; a F\u00fcggetlens\u00e9gre! Nem &#8211; az\nEU-ra! a Jobb Kor Polg\u00e1ri K\u00f6r \u00e1ll\u00e1sfoglal\u00e1sa\u201d) z\u00e1r\u00f3mondatai \u00edgy hangzanak:\n\u201e\u00d6nbecs\u00fcl\u00e9s\u00fcnk kinyilv\u00e1n\u00edt\u00e1sa nek\u00fcnk csak <strong><em>tekint\u00e9lyt\n\u00e9s val\u00f3di partners\u00e9get<\/em><\/strong> eredm\u00e9nyezhet. Ne f\u00e9lj dikt\u00e1tumokra\nNEM-et mondani!\u201d Az\u00f3ta t\u00f6bben feltett\u00e9k a k\u00e9rd\u00e9st: \u201emi lesz vel\u00fcnk, ha nem\ncsatlakozunk?\u201d<\/p>\n\n\n\n<p>Jelen \u00edr\u00e1sban szeretn\u00e9nk kifejteni, mit is \u00e9rt\u00fcnk\npontosan a \u201etekint\u00e9ly\u201d \u00e9s a \u201eval\u00f3di partners\u00e9g\u201d kifejez\u00e9seken, amelyeket\nMagyarorsz\u00e1g j\u00f6v\u0151beni helyzet\u00e9re vonatkoztatunk; valamint, milyen sors v\u00e1rhat\nhaz\u00e1nkra, ha kimaradunk az EU-b\u00f3l. <\/p>\n\n\n\n<p>El\u00f6lj\u00e1r\u00f3ban fontosnak tartjuk lesz\u00f6gezni: a j\u00f6v\u0151vel\nkapcsolatban senkinek sem lehetnek felt\u00e9tlen, t\u00e9nyeken alapul\u00f3 \u00e1ll\u00edt\u00e1sai,\nmindannyian csup\u00e1n a rendelkez\u00e9s\u00fcnkre \u00e1ll\u00f3 adatokb\u00f3l, lehet\u0151s\u00e9gekb\u0151l,\nfelt\u00e9telez\u00e9sekb\u0151l, valamint t\u00f6rt\u00e9nelmi tapasztalatokb\u00f3l indulhatunk ki, \u00e9s\npersze saj\u00e1t akaratunk, \u00e9rdekeink megval\u00f3s\u00edt\u00e1s\u00e1nak el\u0151revet\u00edt\u00e9s\u00e9b\u0151l. Ezt\nigaznak v\u00e9lj\u00fck akkor is, ha az EU-hoz t\u00f6rt\u00e9n\u0151 csatlakoz\u00e1s mellett \u00e9rvel\u00fcnk,\nakkor is, ha ellene. Teh\u00e1t \u00e9sszer\u0171 progn\u00f3zisokr\u00f3l besz\u00e9lhet\u00fcnk csup\u00e1n.<\/p>\n\n\n\n<p>K\u00e9t nagy k\u00e9rd\u00e9scsoportra bontva pr\u00f3b\u00e1ljuk meg elemezni\na j\u00f6v\u0151 lehet\u0151s\u00e9geit. Az els\u0151 szerint Magyarorsz\u00e1g most, 2004-ben nem, <strong><em>de k\u00e9s\u0151bb bel\u00e9p az EU-ba<\/em><\/strong>; a m\u00e1sodik\nlehet\u0151s\u00e9g szerint haz\u00e1nk <strong><em>kimarad v\u00e9glegesen<\/em><\/strong>\nebb\u0151l a k\u00f6z\u00f6ss\u00e9gb\u0151l, mert a felt\u00e9telrendszere a k\u00e9s\u0151bbiekben is elfogadhatatlan\nlesz sz\u00e1munkra.<\/p>\n\n\n\n<p><strong><em>Magyarorsz\u00e1g most, 2004-ben nem, de\nk\u00e9s\u0151bb bel\u00e9p az EU-ba<\/em><\/strong><\/p>\n\n\n\n<p><strong><em>1. Els\u0151 \u00e9s legfontosabb\nfelt\u00e9telez\u00e9s\u00fcnk:<\/em><\/strong> ha 2004-ben\na magyar n\u00e9p NEM szavazata folyt\u00e1n kimaradunk a csatlakoz\u00e1sb\u00f3l, az nem jelenti\nazt, hogy vel\u00fcnk az EU soha t\u00f6bbet nem fog t\u00e1rgyalni.&nbsp; Elemezni fogj\u00e1k az okokat \u2013 k\u00fcl\u00f6n\u00f6sen akkor, <strong><em>ha nem egyed\u00fcl<\/em><\/strong> mi mondunk nemet -, \u00fajabb\nt\u00e1rgyal\u00e1sok indulnak, amelyek sor\u00e1n Magyarorsz\u00e1g k\u00e9pvisel\u0151i m\u00e1r m\u00e1s poz\u00edci\u00f3b\u00f3l,\na \u201enem ak\u00e1rmilyen \u00e1ron\u201d \u00e1ll\u00e1spontb\u00f3l\nkiindulva k\u00e9pviselhetik haz\u00e1nkat. Az EU ir\u00e1ny\u00edt\u00f3i k\u00e9nytelenek lesznek\nvisszat\u00e9rni saj\u00e1t \u2013 az Eur\u00f3pai B\u00edr\u00f3s\u00e1g \u00e1ltal megfogalmazott \u2013 alapelv\u00fckh\u00f6z: az\negyenl\u0151 elb\u00edr\u00e1l\u00e1s elv\u00e9hez, a megk\u00fcl\u00f6nb\u00f6ztet\u00e9s tilalm\u00e1hoz. A magyar f\u00e9lnek\nragaszkodnia kell a mez\u0151gazdas\u00e1gi termel\u0151knek ny\u00fajtand\u00f3, a m\u00e1r bent l\u00e9v\u0151kkel\nazonos t\u00e1mogat\u00e1s m\u00e9rt\u00e9k\u00e9hez. Ez a k\u00e9rd\u00e9s vezet \u00e1t a szerint\u00fcnk m\u00e1sik\nlegfontosabb ter\u00fclet\u2026<\/p>\n\n\n\n<p><strong><em>2. A magyar f\u00f6ld hazai k\u00e9zben\ntart\u00e1s\u00e1nak probl\u00e9mak\u00f6r\u00e9hez<\/em><\/strong><\/p>\n\n\n\n<p>Tudnunk kell azt, hogy haz\u00e1nk\nterm\u0151f\u00f6ldje egyed\u00fcl\u00e1ll\u00f3 min\u0151s\u00e9g\u0171 Eur\u00f3p\u00e1ban, egyes nyugati szakemberek szerint\nMagyarorsz\u00e1g term\u00e9szeti adotts\u00e1gai lehet\u0151v\u00e9 teszik ak\u00e1r 30 milli\u00f3 ember\n\u00e9lelmez\u00e9s\u00e9t is. \/Ez\u00e9rt oly k\u00edv\u00e1natos a nagy nyugati gazd\u00e1lkod\u00f3 szervezetek\nsz\u00e1m\u00e1ra a magyar f\u00f6ld megszerz\u00e9se.\/<\/p>\n\n\n\n<p>A jelen helyzetben \u2013 hi\u00e1ba\n\u00e1llap\u00edtottak meg 7+3 \u00e9v morat\u00f3riumot a f\u00f6ld elidegen\u00edt\u00e9s\u00e9nek k\u00e9rd\u00e9s\u00e9ben, ha a\nf\u00f6ldb\u00e9rlet liberaliz\u00e1ci\u00f3j\u00e1t viszont k\u00f6telez\u0151v\u00e9 tett\u00e9k \u2013 bel\u00e9p\u00e9s\u00fcnk pillanat\u00e1t\u00f3l\nf\u00f6ldb\u00e9rlet form\u00e1j\u00e1ban ker\u00fclne idegen k\u00e9zbe hatalmas term\u0151f\u00f6ld-ter\u00fclet,\n\u00e9vtizedekre sz\u00f3l\u00f3 b\u00e9rleti szerz\u0151d\u00e9sek \u00fatj\u00e1n, a k\u00fclf\u00f6ldi de facto tulajdonos\nlehet teh\u00e1t azonnal, de jure tulajdonos lesz 7 vagy 10 \u00e9v m\u00falva. <\/p>\n\n\n\n<p>Ez elfogadhatatlan helyzet, mivel\n\u00e1ll\u00edtjuk: <\/p>\n\n\n\n<p><strong>a<em> hazai k\u00e9zben l\u00e9v\u0151\nf\u00f6ld mindenkor a nemzeti l\u00e9t talpk\u00f6ve!<\/em><\/strong><\/p>\n\n\n\n<p>Az elk\u00f6vetkezend\u0151 t\u00e1rgyal\u00e1sokon a\nmagyar f\u00e9lnek ragaszkodnia kell egy alapelvhez: <strong><em>a\nf\u00f6ld nem t\u0151ke!<\/em><\/strong><\/p>\n\n\n\n<p>A jelenleg \u00e9rv\u00e9nyben l\u00e9v\u0151, a Nizzai\nSzerz\u0151d\u00e9sben megfogalmazott \u201elegf\u0151bb szab\u00e1ly\u201d szerint: <strong><em>a t\u0151ke szabad\n\u00e1raml\u00e1s\u00e1nak elve minden m\u00e1s jogszab\u00e1lyt \u201efel\u00fcl\u00edr\u201d,<\/em><\/strong> a f\u00f6ldtulajdont\nt\u0151k\u00e9nek tekinti!<\/p>\n\n\n\n<p>Ennek a jogelvnek az \u00e9rv\u00e9nyes\u00fcl\u00e9se\negyenesen vezet a nemzeti f\u00fcggetlens\u00e9g\u00fcnk elveszt\u00e9s\u00e9hez. Ezt nem engedhetj\u00fck! <\/p>\n\n\n\n<p>3. Hasonl\u00f3k\u00e9ppen fontos, a nemzet\nfennmarad\u00e1sa szempontj\u00e1b\u00f3l elengedhetetlen k\u00e9rd\u00e9s: <strong><em>kil\u00e9pni a\nMagyarorsz\u00e1got s\u00falyt\u00f3 ad\u00f3ss\u00e1gcsapd\u00e1b\u00f3l<\/em>.<\/strong> EU-s t\u00e1rgyal\u00e1sokt\u00f3l teljesen\nf\u00fcggetlen\u00fcl, a magyar korm\u00e1nynak el kell \u00e9rnie, hogy 3-5 \u00e9vre felf\u00fcggeszthess\u00fck\na hitel-kamatok visszafizet\u00e9s\u00e9t. \/Erre volt p\u00e9lda a k\u00f6zelm\u00faltban m\u00e1s orsz\u00e1gok\neset\u00e9ben.\/ Jelenleg 7 milli\u00e1rd doll\u00e1r, cca. 1600 Mrd. forint (kamat, profit,\nj\u00e1rad\u00e9k) \u00e1ramlik ki az orsz\u00e1gb\u00f3l \u00e9venk\u00e9nt \u00fagy, hogy k\u00f6zben t\u00f6rzstartoz\u00e1sunk nem\ncs\u00f6kken*. A nemzetgazdas\u00e1g ezalatt a 3-5 \u00e9v alatt feler\u0151s\u00f6dik, \u00edgy van rem\u00e9ny\naz egyenl\u0151 partners\u00e9g es\u00e9ly\u00e9nek megval\u00f3sul\u00e1s\u00e1ra.<\/p>\n\n\n\n<p>(* \u201eA nemzetk\u00f6zi p\u00e9nz\u00fcgyi k\u00f6z\u00f6ss\u00e9g, amely 1982 ut\u00e1n\nfokozatosan lecser\u00e9lte a termel\u0151-gazdas\u00e1got a p\u00e9nzgazdas\u00e1gra, el szeretn\u00e9 \u00e9rni,\nhogy megszerzett p\u00e9nzmonop\u00f3liuma v\u00e9glegess\u00e9 v\u00e1ljon Magyarorsz\u00e1gon. A p\u00e9nzgazdas\u00e1g\nseg\u00edts\u00e9g\u00e9vel ugyanis ad\u00f3ss\u00e1gt\u00f6rleszt\u00e9s, kamat, kivitt profit \u00e9s m\u00e1s j\u00e1rad\u00e9kok\nform\u00e1j\u00e1ban minden \u00e9vben mintegy 7 milli\u00e1rd doll\u00e1r j\u00f6vedelmet h\u00faz\nMagyarorsz\u00e1gr\u00f3l.\u201d \/Dr. Dr\u00e1bik J\u00e1nos\/)<\/p>\n\n\n\n<p>4. Ha Magyarorsz\u00e1g \u00fajabb t\u00e1rgyal\u00e1sai\nsikeresen lez\u00e1rulnak 2005-ig, van es\u00e9ly arra, hogy 2007-ben, vagy k\u00e9s\u0151bb\nm\u00e9lt\u00e1nyos felt\u00e9telekkel, gazdas\u00e1gilag meger\u0151s\u00f6dve, \u00e9s esetleg Rom\u00e1ni\u00e1val egy\u00fctt\nl\u00e9pj\u00fcnk be az EU-ba. Ebben az esetben nem t\u00f6rt\u00e9nhet meg az, ami jelenleg igen,\nhogy a legnagyobb hat\u00e1ron t\u00fali magyars\u00e1gt\u00f3l szak\u00edtjuk el magunkat, vagy z\u00e1rjuk\nel egy megmerevedett schengeni hat\u00e1rral. \/A Rom\u00e1ni\u00e1val egy\u00fctt t\u00f6rt\u00e9n\u0151\nbel\u00e9p\u00e9s\u00fcnket \u2013 hivatkoz\u00e1ssal a legnagyobb hat\u00e1ron t\u00fali magyars\u00e1g l\u00e9t\u00e9re \u2013\nfelt\u00e9telk\u00e9nt szabhatjuk meg.\/<\/p>\n\n\n\n<p>5. Magyarorsz\u00e1gnak m\u00e9g n\u00e9h\u00e1ny \u00e9vig\nilyen k\u00f6r\u00fclm\u00e9nyek k\u00f6z\u00f6tt sem szabad bel\u00e9pnie a Monet\u00e1ris Uni\u00f3ba \u2013 mint, ahogy\nezt jelenleg k\u00f6telez\u0151v\u00e9 teszik az \u00faj bel\u00e9p\u0151k sz\u00e1m\u00e1ra \u2013 Anglia, D\u00e1nia \u00e9s\nSv\u00e9dorsz\u00e1g p\u00e9ld\u00e1j\u00e1t k\u00f6vetve, amely orsz\u00e1gok nem voltak hajland\u00f3k feladni\nnemzeti valut\u00e1jukat, meg kell tartanunk a magyar forintot, \u00e9s \u00edgy saj\u00e1t nemzeti\np\u00e9nzpolitik\u00e1nkat, amely el\u0151felt\u00e9tele a hazai v\u00e1llalkoz\u00e1sok kedvez\u0151 hitelekkel\nt\u00f6rt\u00e9n\u0151 meger\u0151s\u00edt\u00e9s\u00e9nek.<\/p>\n\n\n\n<p><strong><em>Ha Magyarorsz\u00e1g nem lesz tagja az Eur\u00f3pai Uni\u00f3nak\u2026<\/em><\/strong><\/p>\n\n\n\n<p>K\u00fcl\u00f6nb\u00f6z\u0151 megnyilatkoz\u00e1sokb\u00f3l\ntudjuk, hogy a ma gondolkod\u00f3 ember\u00e9t legink\u00e1bb ez a k\u00e9rd\u00e9s foglalkoztatja: Mi\nt\u00f6rt\u00e9nhet vel\u00fcnk, ha kimaradunk a csatlakoz\u00e1sb\u00f3l? Bizonyos, sok tekintetben\n\u00e9rthet\u0151 f\u00e9lelmek fogalmaz\u00f3dnak meg ezzel kapcsolatban; elszigetel\u0151d\u00fcnk,\nlemaradunk, balkaniz\u00e1l\u00f3dunk, kiszolg\u00e1ltatottabbak lesz\u00fcnk stb. Ezekre a\nk\u00e9telyekre szeretn\u00e9nk v\u00e1laszt adni.<\/p>\n\n\n\n<p>1. Magyarorsz\u00e1gra, mint piacra a\nnagy nyugati c\u00e9geknek ezut\u00e1n is sz\u00fcks\u00e9g\u00fck lesz, ahogy eddig is volt. A multik\ntov\u00e1bbra is fognak ide gy\u00e1rakat, r\u00e9szlegeket telep\u00edteni, beruh\u00e1zni, am\u00edg a\nmagyar munkab\u00e9rek alacsonyabbak, mint az uni\u00f3s b\u00e9rek, \u00e9s ez m\u00e9g sajnos sok\u00e1ig\n\u00edgy lesz. \/Ad\u00f3kedvezm\u00e9nyt eddig is kaptak.\/<\/p>\n\n\n\n<p>2. A nagyvil\u00e1gban sz\u00e1mos\nsz\u00f6vets\u00e9ges\u00fcnk van, \u00e9s egy esetleges kimarad\u00e1s ut\u00e1n m\u00e9g t\u00f6bb is lehet. Jap\u00e1n \u2013\namely orsz\u00e1g k\u00fcl\u00f6n\u00f6s figyelmet szentel haz\u00e1nk ir\u00e1nt bizonyos nyelvi \u00e9s\ngenetikai rokons\u00e1g folyt\u00e1n \u2013 K\u00edna, mint egyre ink\u00e1bb n\u00f6vekv\u0151 gazdas\u00e1gi\nnagyhatalom, az arab vil\u00e1g, amely Oroszorsz\u00e1ggal egy\u00fctt biztos\u00edthatja sz\u00e1munkra\naz energiaell\u00e1t\u00e1s szempontj\u00e1b\u00f3l ma m\u00e9g oly elengedhetetlen k\u0151olajsz\u00e1rmaz\u00e9kokat,\n\u00e9s nem utols\u00f3 sorban azok a kisebb eur\u00f3pai orsz\u00e1gok, amelyek szint\u00e9n kimaradnak\n\u2013 ak\u00e1r saj\u00e1t d\u00f6nt\u00e9s\u00fck folyt\u00e1n \u2013 a k\u00e9tes \u00e9rt\u00e9k\u0171 eur\u00f3pai integr\u00e1ci\u00f3b\u00f3l. Magyar\u00e1n\n\u201et\u00e1maszkodhatunk olyan megl\u00e9v\u0151 \u00e9s \/vagy megszerezhet\u0151 gazdas\u00e1gi partnerekre,\nakik nem \u00e9rdekeltek az euroatlanti p\u00e9nzoligarchi\u00e1nak val\u00f3 al\u00e1vetetts\u00e9g\u00fcnk\nfenntart\u00e1s\u00e1ban.\u201d \/S\u00edklaky Istv\u00e1n prof.\/<\/p>\n\n\n\n<p>Ezekkel az orsz\u00e1gokkal \u2013\nLengyelorsz\u00e1g, Rom\u00e1nia, Szerbia, Horv\u00e1torsz\u00e1g, Bulg\u00e1ria, Balti \u00e1llamok, esetleg\nAusztria stb\u2026\u2013 elk\u00e9pzelhet\u0151 egy Kelet-k\u00f6z\u00e9p-eur\u00f3pai, vagy Duna-menti gazdas\u00e1gi,\nkereskedelmi, kultur\u00e1lis k\u00f6z\u00f6ss\u00e9g l\u00e9trehoz\u00e1sa, egyenl\u0151 partners\u00e9gi alapon.\n\/Mint tudjuk, ez nem \u00fajkelet\u0171 elk\u00e9pzel\u00e9s.\/<\/p>\n\n\n\n<p>Ezen t\u00falmen\u0151en term\u00e9szetesen\nkereskedhet\u00fcnk az EU tagorsz\u00e1gaival is, ahogy eddig is tett\u00fck, a magyar f\u00f6ld\nterm\u00e9nye \u2013 k\u00fcl\u00f6nleges adotts\u00e1gai folyt\u00e1n \u2013 ezut\u00e1n is kelend\u0151ek lehetnek\nNyugat-Eur\u00f3pa sz\u00e1m\u00e1ra.<\/p>\n\n\n\n<p>3. Az egyik legt\u00f6bbet hangoztatott\nf\u00e9lelem az, hogy visszacs\u00faszhatunk az orosz \u00e9rdekszf\u00e9r\u00e1ba. El\u0151sz\u00f6r is, az ilyen\neshet\u0151s\u00e9get term\u00e9szetesen sohasem lehet kiz\u00e1rni, ugyanakkor jelenleg az EU-s\n\u00e9rdekszf\u00e9ra sokkal jobban vesz\u00e9lyezteti f\u00fcggetlens\u00e9g\u00fcnket. M\u00e1sodszor, az\nOroszorsz\u00e1ggal fenntartott kereskedelm\u00fcnk v\u00e1ltozatlanul k\u00edv\u00e1natos, annak nem\nk\u00f6vetkezm\u00e9nye, hogy hegem\u00f3n t\u00f6rekv\u00e9sek \u00e1ldozataiv\u00e1 v\u00e1ljunk. Katonai \u00e9rtelemben\npedig az\u00e9rt nem, mert egyel\u0151re m\u00e9g a NATO tagja vagyunk. (Ha a vil\u00e1gban viszont\negy nagy \u00e1trendez\u0151d\u00e9s k\u00f6vetkezne be \u2013 a k\u00fcsz\u00f6b\u00f6n \u00e1ll\u00f3 h\u00e1bor\u00fa k\u00f6vetkezm\u00e9nyeit ma\nm\u00e9g nem tudjuk felm\u00e9rni \u2013 akkor is sokkal ink\u00e1bb kell tartanunk az amerikai\nhegem\u00f3n t\u00f6rekv\u00e9sekt\u0151l, mint az oroszt\u00f3l.)<\/p>\n\n\n\n<p>Harmadsorban az orosz maffia, mint\ntudjuk jelenleg is tev\u00e9kenykedik Magyarorsz\u00e1gon \u2013 ahogy ukr\u00e1n, magyar \u00e9s m\u00e9g\nn\u00e9h\u00e1ny n\u00e1ci\u00f3 maffi\u00e1ja \u2013 ezeket azonban egy nemzeti korm\u00e1ny, egy er\u0151s rend\u0151rs\u00e9g\n\u00e9s titkosszolg\u00e1lat, valamint kem\u00e9ny b\u00edr\u00f3i \u00edt\u00e9lkez\u00e9s visszaszor\u00edthatja. \/Ez a\nprobl\u00e9ma egy\u00e9bk\u00e9nt ugyan\u00fagy jelen van Nyugat-Eur\u00f3p\u00e1ban, vagy Amerik\u00e1ban\/<\/p>\n\n\n\n<p>4. Egy f\u00fcggetlen, a maga \u00fatj\u00e1t j\u00e1r\u00f3,\nterm\u00e9keny f\u00f6lddel \u00e9s saj\u00e1tos \u0151si kult\u00far\u00e1val b\u00edr\u00f3 Magyarorsz\u00e1g sz\u00e1m\u00e1ra van \u00e9let\na dikt\u00e1tumok Eur\u00f3pai Uni\u00f3j\u00e1n k\u00edv\u00fcl is. Ezt a Magyarorsz\u00e1got azonban meg kell\nteremteni! Az EU-s csatlakoz\u00e1s alternat\u00edv\u00e1ja teh\u00e1t l\u00e9tezik, tudom\u00e1nyosan\nmegalapozott programj\u00e1t S\u00edklaky Istv\u00e1n professzor \u00e1ll\u00edtotta \u00f6ssze, \u201eF\u00fcggetlen,\nSemleges, J\u00f3l\u00e9ti Magyarorsz\u00e1g\u201d c\u00edmmel, olvashat\u00f3 az \u00d6sszefog\u00e1s a Fennmarad\u00e1s\u00e9rt\nH\u00edrlev\u00e9l 10. sz\u00e1m\u00e1ban, vagy a \u201eFennmarad\u00e1s t\u00e1rsadalmi programja c. k\u00f6nyv\u00e9ben\n\/\u00c9li\u00e1s kiad\u00f3 2000.\/. Interneten: <a href=\"http:\/\/www.fennmaradas.hu\/\">www.fennmaradas.hu<\/a> <\/p>\n\n\n\n<p><strong><em>\u00d6sszegz\u00e9sk\u00e9ppen<\/em><\/strong> azt mondhatjuk, hogy a f\u00e9lelmek,\namelyek a kimarad\u00e1ssal kapcsolatban jogosan mer\u00fclnek fel m\u00e9giscsak\nfelt\u00e9telez\u00e9seken alapulnak, m\u00edg az Uni\u00f3ba t\u00f6rt\u00e9n\u0151 bel\u00e9p\u00e9s eset\u00e9ben konkr\u00e9t\nadatokra \u2013 m\u00e9g ha igen hi\u00e1nyos adatokra is&nbsp;\n&#8211; sz\u00e1mokra hivatkozhatunk, akkor, amikor az ezekb\u0151l levont\nk\u00f6vetkeztet\u00e9sek folyt\u00e1n <strong><em>NEM-et mondunk<\/em><\/strong>.\nF\u00fcggetlens\u00e9g\u00fcnk elveszt\u00e9se tudniillik az els\u0151 esetben lehets\u00e9ges, de nem\nval\u00f3sz\u00edn\u0171, a m\u00e1sodik esetben, a csatlakoz\u00e1s eset\u00e9n biztosnak l\u00e1tszik.<\/p>\n\n\n\n<p>Hangs\u00falyozzuk ism\u00e9t; a magyar NEM\nf\u00f6ldindul\u00e1sszer\u0171 folyamat kezdet\u00e9t jelentheti, a Kelet-eur\u00f3pai orsz\u00e1gok\nn\u00e9peinek \u00f6ntudat\u00e1t \u00e9s b\u00e1tor, egy\u00fcttes ki\u00e1ll\u00e1s\u00e1t ind\u00edthatja el az EU-dikt\u00e1tummal\nszemben. Az Uni\u00f3 urait r\u00e1k\u00e9nyszer\u00edten\u00e9, hogy \u00fajragondolja \u00e9s \u00e1t\u00e9rt\u00e9kelje az\n\u00fajonnan jelentkez\u0151kh\u00f6z val\u00f3 viszony\u00e1t, \u00e9s tal\u00e1n a b\u0151v\u00edt\u00e9sre sz\u00e1nt 0,14%-os\n\u201e\u00e1ldozathozataluk\u201d-r\u00f3l is kider\u00fclne, hogy ez \u00edgy egy kicsit kev\u00e9s.<\/p>\n\n\n\n<p>Budakeszi, 2003. m\u00e1rcius 11.<\/p>\n\n\n\n<p>Jobb Kor Polg\u00e1ri K\u00f6r, Budakeszi <\/p>\n","protected":false},"excerpt":{"rendered":"<p>El\u0151z\u0151 \u00edr\u00e1sunk (\u201eIgen &#8211; a F\u00fcggetlens\u00e9gre! Nem &#8211; az EU-ra! a Jobb Kor Polg\u00e1ri K\u00f6r \u00e1ll\u00e1sfoglal\u00e1sa\u201d) z\u00e1r\u00f3mondatai \u00edgy hangzanak: \u201e\u00d6nbecs\u00fcl\u00e9s\u00fcnk kinyilv\u00e1n\u00edt\u00e1sa nek\u00fcnk csak tekint\u00e9lyt \u00e9s val\u00f3di partners\u00e9get eredm\u00e9nyezhet. Ne f\u00e9lj dikt\u00e1tumokra NEM-et mondani!\u201d Az\u00f3ta t\u00f6bben feltett\u00e9k a k\u00e9rd\u00e9st: \u201emi lesz vel\u00fcnk, ha nem csatlakozunk?\u201d Jelen \u00edr\u00e1sban szeretn\u00e9nk kifejteni, mit is \u00e9rt\u00fcnk pontosan a \u201etekint\u00e9ly\u201d \u00e9s a \u201eval\u00f3di partners\u00e9g\u201d kifejez\u00e9seken, amelyeket Magyarorsz\u00e1g j\u00f6v\u0151beni helyzet\u00e9re vonatkoztatunk; valamint, milyen sors v\u00e1rhat haz\u00e1nkra, ha kimaradunk az EU-b\u00f3l. El\u00f6lj\u00e1r\u00f3ban fontosnak tartjuk lesz\u00f6gezni: a j\u00f6v\u0151vel kapcsolatban senkinek sem lehetnek felt\u00e9tlen, t\u00e9nyeken alapul\u00f3 \u00e1ll\u00edt\u00e1sai, mindannyian csup\u00e1n a rendelkez\u00e9s\u00fcnkre \u00e1ll\u00f3 adatokb\u00f3l, lehet\u0151s\u00e9gekb\u0151l, felt\u00e9telez\u00e9sekb\u0151l, valamint t\u00f6rt\u00e9nelmi tapasztalatokb\u00f3l indulhatunk ki, [&hellip;]<\/p>\n","protected":false},"author":2,"featured_media":0,"parent":0,"menu_order":0,"comment_status":"closed","ping_status":"closed","template":"","meta":{"footnotes":""},"class_list":["post-371","page","type-page","status-publish","hentry"],"_links":{"self":[{"href":"https:\/\/jobbkor.hu\/index.php\/wp-json\/wp\/v2\/pages\/371","targetHints":{"allow":["GET"]}}],"collection":[{"href":"https:\/\/jobbkor.hu\/index.php\/wp-json\/wp\/v2\/pages"}],"about":[{"href":"https:\/\/jobbkor.hu\/index.php\/wp-json\/wp\/v2\/types\/page"}],"author":[{"embeddable":true,"href":"https:\/\/jobbkor.hu\/index.php\/wp-json\/wp\/v2\/users\/2"}],"replies":[{"embeddable":true,"href":"https:\/\/jobbkor.hu\/index.php\/wp-json\/wp\/v2\/comments?post=371"}],"version-history":[{"count":1,"href":"https:\/\/jobbkor.hu\/index.php\/wp-json\/wp\/v2\/pages\/371\/revisions"}],"predecessor-version":[{"id":372,"href":"https:\/\/jobbkor.hu\/index.php\/wp-json\/wp\/v2\/pages\/371\/revisions\/372"}],"wp:attachment":[{"href":"https:\/\/jobbkor.hu\/index.php\/wp-json\/wp\/v2\/media?parent=371"}],"curies":[{"name":"wp","href":"https:\/\/api.w.org\/{rel}","templated":true}]}}