{"id":43,"date":"2019-10-27T23:08:39","date_gmt":"2019-10-27T22:08:39","guid":{"rendered":"http:\/\/proba.jobbkor.hu\/?page_id=43"},"modified":"2019-11-04T10:21:26","modified_gmt":"2019-11-04T09:21:26","slug":"dokumentumok","status":"publish","type":"page","link":"https:\/\/jobbkor.hu\/index.php\/dokumentumok\/","title":{"rendered":"Kor\u00e1bbi dokumentumaink"},"content":{"rendered":"\n<p class=\"has-text-align-center\">Ezen az oldalon Egyes\u00fclet\u00fcnk 2002-es alap\u00edt\u00e1sa \u00e9s 2007 k\u00f6z\u00f6tt keletkezett dokumentumai olvashat\u00f3k. K\u00e9t fontos, nemzet\u00fcnk sors\u00e1t befoly\u00e1sol\u00f3 esem\u00e9nyhez kapcsol\u00f3d\u00f3, imm\u00e1ron t\u00f6rt\u00e9nelmi \u00edr\u00e1saink ki\u00e1llt\u00e1k az id\u0151 pr\u00f3b\u00e1j\u00e1t. E k\u00e9t esem\u00e9ny a kett\u0151s \u00e1llampolg\u00e1rs\u00e1gr\u00f3l sz\u00f3l\u00f3 n\u00e9pszavaz\u00e1s \u00e9s az Eur\u00f3pai Uni\u00f3hoz val\u00f3 csatlakoz\u00e1sunk. Ezeken k\u00edv\u00fcl term\u00e9szetesen olvashat\u00f3k m\u00e1s jelleg\u0171 \u00edr\u00e1saink, dokumentumaink is.<\/p>\n\n\n\n<ul class=\"wp-block-list\"><li><strong>2007. november 18-\u00e1n<\/strong>, vas\u00e1rnap 18:00 \u00f3rakor GULY\u00c1S D\u00c9NES opera\u00e9nekes,  Liszt d\u00edjas, Kiv\u00e1l\u00f3 m\u0171v\u00e9sz <a href=\"https:\/\/lh3.googleusercontent.com\/oimvvM_fu6Hp1GJWkzkAc1U8osD5uIDWFFWws-2Z4Sfz1mzjXUXRUIDtIvmyACiGDDlBHMp9bXz_6hELxz1uXdOBEa1g3ewifyvWHj-mFiyGwihIc4TY7Ymh5_SOHgzLb3zLs4sjVRV1yLjdVOjev5XpAbi6NRtEQMP_rA_xt5FpFp1azEhSXozPs5wfkeK-H2wPEyLm0P6KzhLnx7dSQSXDi3n0O2_Nw1zXeu7c2nI7HlnAI5zZeam3EwVVrHF6DwHOsezJOp4AZvS7rrizSvwaEiNQuPt59V8nhU3B14N6ahNS_jKdWlT2AyetW-CgChACKzjXlBJj7DaGCreZmQogiDBBLcCStbgI_J0dW9TCBZBU8TlcTlRCXrf8Y7wq1min-V5OJgPXvHzOPddLmAn9MA9_uFhlXM6NJnDJD3pPGHCPKzkaePDgiiXsFhag0-MzM2b3YLgraq_oL5qdDfdXYsqYldHkoGvC3EuxJMeTQgCSIA9-niVpjQjLvcvNpr9jVdkGugnXcnYRBgM4Pjz_sj72txWxdYWrb-t4TCKb57wxzx1zt_tRywIRdjtDqPgpdJ2rBSxEfQMo4xuAu5eC5nBi8Ub3NFNnwTgjBpo3-NzEeYFrhlGsVSKg8hqdTRxqD-_iKoTH1ujxCMDl3Ha1ZZLkxRKnW4KUpTprQyZrLzW_NjtZxzNNuF4c-fZh7rwXII6kT5Ju46Y7UhuKQWE5rXJ2QXDy8XQID8_s3nA6H8I=w535-h757-no\">koncertet<\/a>  adott a Budakeszi Proh\u00e1szka Ottok\u00e1r Katolikus Gimn\u00e1zium Aul\u00e1j\u00e1ban. A  teljes bev\u00e9telt a Wass Albert szobor fel\u00e1ll\u00edt\u00e1s\u00e1ra adom\u00e1nyozta. <\/li><\/ul>\n\n\n\n<ul class=\"wp-block-list\"><li>Egyes\u00fclet\u00fcnk k\u00e1rp\u00e1taljai gyermekeket nyaraltatott Magyarorsz\u00e1gon <strong>2007. augusztus\u00e1ban<\/strong>.  <a href=\"http:\/\/jobbkor.hu\/index.php\/karpataljai-magyar-gyermekek-nyaraltatasa-2007\/\">sz\u00f6veges besz\u00e1mol\u00f3<\/a> &#8211; <a href=\"https:\/\/photos.app.goo.gl\/3NNzcsPMKGzKDVZ98\">k\u00e9pes besz\u00e1mol\u00f3<\/a> <\/li><\/ul>\n\n\n\n<ul class=\"wp-block-list\"><li><strong>2007. j\u00falius 28<\/strong>-\u00e1n, szombaton reggel, egy\u00f3r\u00e1s m\u0171sor-\u00f6ssze\u00e1ll\u00edt\u00e1s hangzott el Budakeszir\u0151l a L\u00e1nch\u00edd R\u00e1di\u00f3ban (FM 100,3). <\/li><\/ul>\n\n\n\n<figure class=\"wp-block-audio\"><audio controls src=\"https:\/\/drive.google.com\/uc?export=download&amp;id=1CsShMNzrj8mQgHAtgoyh_Rb_fdgPtg66\"><\/audio><figcaption>L\u00e1nch\u00edd R\u00e1di\u00f3 &#8211; Budakeszir\u0151l<\/figcaption><\/figure>\n\n\n\n<ul class=\"wp-block-list\"><li><a href=\"https:\/\/lh3.googleusercontent.com\/dx5uCR3QZMmZSLWBM92h-znGBD-nazPf9uFthjcPqvw-OtoG2ckkR7ApKtprUNSmyp-jLMItVJIIkpIZgJLuj02K-E3wD-nv87FkmeE1UzeUK6mbc8QVy-YvFWVkXbR3nkH_hAPCJMJFqHiqOREY4_IJSGYfhECWqE0yyNZ8QtuU0JslDg3CXA4JubKZ2x0Zp9WMFFgz0FoPWxRS4aB1gbmA7G4og7rTDhBZPzlZ_8ni9HAevfzDlXKCUXf8E5mW0hmTTHuLrfG5C7tdzuyi7GssvzLTo5zWGoDOCuV102n64aF9o8uHAnEONvrIS9-LktrLcYlqQjOtTLKH3zPfGu49udYzQpKMhqi49Oqq0KiDoD_ss_owix8ETXBnpnRIgLUKQN6Kt-6JeIhv0_c7zNQBLMn_o4sAic81uUQR1ePwM3M163m9zndUwoQMQc_tKAoUW8OGXdyVscHG-tn-YOmC3YxeHb_tFji8G7TMPeFcyoBA5PvQCbvQ2876a86npbqVjXGrbYvNuIjYmso77zG9YQcjVAyuKwfWR1iz1Sv9S_7eibLS0HXYH42qr8fCL5Nls6VEPqgwGpsZtBqYvg-b0yBoim0910Dc7p7IgGYXAgEkljisvwXitcM4iFM8yzyhxE1BAlSW4_N06F_mAgfl1IB5hHP_HBAXc_lRcq-V5fPvqRavuLS3tF8ERH23g6C4npz-6OQbMalRrKq5IbYHh7YlF8MwcXiPJ6gbt2bs38c=w720-no\">Ny\u00edlt lev\u00e9l az MSZP Budakeszi szervezet\u00e9hez \u00e9s polg\u00e1rmester-jel\u00f6ltj\u00e9hez<\/a> <strong>2006. szeptember 20. <\/strong><\/li><\/ul>\n\n\n\n<ul class=\"wp-block-list\"><li>K\u00f6z\u00f6s im\u00e1t szervezt\u00fcnk Budakeszi\u00e9rt a Budakeszi Orsz\u00e1gz\u00e1szl\u00f3n\u00e1l, <strong>2006. szeptember 17<\/strong>., vas\u00e1rnap 21:00 \u00f3rakor<\/li><\/ul>\n\n\n\n<ul class=\"wp-block-list\"><li>Nem mi mondtuk! <a rel=\"noreferrer noopener\" href=\"https:\/\/drive.google.com\/open?id=1RdGBuPqPhPIO2QsOeI67Kho-YqzJ7DFz\" target=\"_blank\">Gyurcs\u00e1ny Ferenc besz\u00e9de Balaton\u00f6sz\u00f6d\u00f6n (mp3) <\/a> <a href=\"http:\/\/jobbkor.hu\/index.php\/gyurcsany-ferenc-oszodi-beszede\/\">A teljes sz\u00f6veg<\/a> <\/li><\/ul>\n\n\n\n<ul class=\"wp-block-list\"><li><a href=\"http:\/\/jobbkor.hu\/index.php\/keres-a-fidesz-mpsz-vezetoihez\/\">K\u00e9r\u00e9s a Fidesz vezet\u0151ihez<\/a>  &#8222;Orb\u00e1n  Viktor eln\u00f6k \u00far 2005. febru\u00e1r 16-i \u00e9v\u00e9rt\u00e9kel\u0151 besz\u00e9d\u00e9nek  k\u00f6zponti  gondolat\u00e1hoz (&#8222;Hallgassuk meg egym\u00e1st!&#8221;) kapcsol\u00f3dva egy olyan  polg\u00e1ri  k\u00f6r tagjaik\u00e9nt fordulunk \u00d6n\u00f6kh\u00f6z, amely k\u00f6z\u00f6ss\u00e9g civil  felel\u0151ss\u00e9g\u00e9t  \u00e1t\u00e9rezve a&nbsp; k\u00fclhoni magyarok magyar \u00e1llampolg\u00e1rs\u00e1g\u00e1nak  vissza\u00e1ll\u00edt\u00e1s\u00e1\u00e9rt  folytatott al\u00e1\u00edr\u00e1sgy\u0171jt\u00e9sben, majd a n\u00e9pszavaz\u00e1st  megel\u0151z\u0151 kamp\u00e1nyban  intenz\u00edven vett r\u00e9szt&#8230;&#8221; Budakeszi, <strong>2005. febru\u00e1r  20.<\/strong> <\/li><\/ul>\n\n\n\n<ul class=\"wp-block-list\"><li><a href=\"http:\/\/jobbkor.hu\/index.php\/gyurcsany-ferenc-magyar-allampolgarnak\/\">Gyurcs\u00e1ny Ferenc magyar \u00e1llampolg\u00e1rnak<\/a> Kiss Iv\u00e1n levele <strong>2004. december 22<\/strong>-\u00e9n <\/li><\/ul>\n\n\n\n<ul class=\"wp-block-list\"><li><a href=\"http:\/\/jobbkor.hu\/index.php\/az-alairasgyujto-gazdagsaga\/\">Az al\u00e1\u00edr\u00e1sgy\u0171jt\u0151 gazdags\u00e1ga<\/a> Kiss Iv\u00e1n \u00edr\u00e1sa a n\u00e9pszavaz\u00e1si al\u00e1\u00edr\u00e1sgy\u0171jt\u00e9sr\u0151l<strong> (2004.)<\/strong><\/li><\/ul>\n\n\n\n<ul class=\"wp-block-list\"><li><a href=\"http:\/\/jobbkor.hu\/index.php\/jokai-anna-ima-magyarorszagert\/\">J\u00f3kai Anna: Ima Magyarorsz\u00e1g\u00e9rt<\/a> <strong>(2004.)<\/strong><\/li><\/ul>\n\n\n\n<ul class=\"wp-block-list\"><li><a href=\"http:\/\/jobbkor.hu\/index.php\/az-igazsag-szakralis-fogalom\/\">Az Igazs\u00e1g &#8211; szakr\u00e1lis fogalom<\/a>  &#8222;&#8230;Az  igazs\u00e1g \u00edgy szakr\u00e1lis \u00e9s abszol\u00fat felt\u00e9tlen, transzcendens  eredete  folyt\u00e1n, \u00e9s mint abszol\u00fatum sohasem ir\u00e1nyulhat valami ellen,  csak emberi  t\u00f6rekv\u00e9sek, cselekedetek ir\u00e1nyulhatnak ellene.  Hasonl\u00f3k\u00e9ppen az igazs\u00e1g  kimond\u00e1sa sem lehet soha m\u00e1s, mint egy  szakr\u00e1lis, felt\u00e9tlen \u00e9s abszol\u00fat  princ\u00edpium -\u00e9rt\u00e9k, t\u00f6rv\u00e9ny  -kinyilv\u00e1n\u00edt\u00e1sa, felsz\u00ednre emel\u00e9se az ember  vil\u00e1g\u00e1ban&#8230;&#8221; (R\u00e9szlet az  \u00edr\u00e1sb\u00f3l. A teljes sz\u00f6veg\u00e9rt kattintson az \u00edr\u00e1s  c\u00edm\u00e9re!) <strong>(2003.)<\/strong><\/li><\/ul>\n\n\n\n<ul class=\"wp-block-list\"><li><a href=\"http:\/\/jobbkor.hu\/index.php\/nyilt-level-gero-andrasnak\/\">Ny\u00edlt lev\u00e9l Ger\u0151 Andr\u00e1snak<\/a>  XXI.  Sz\u00e1zad Int\u00e9zet \u00e1ltal 2003. szeptember 19-\u00e9n rendezett   kerekasztal-besz\u00e9lget\u00e9sen Ger\u0151 Andr\u00e1s az nyilatkozta, hogy &#8222;A n\u00e1cik, a MI\u00c9P \u00e9s a Jobbik ellenezte az uni\u00f3s csatlakoz\u00e1st.&#8221; (Magyar Nemzet 2003. szeptember 20. 3. oldal).  Erre a kijelent\u00e9sre reag\u00e1lt a Jobb Kor  Polg\u00e1ri K\u00f6r (<strong>2003. szeptember 24.<\/strong>)<\/li><\/ul>\n\n\n\n<ul class=\"wp-block-list\"><li><a href=\"http:\/\/jobbkor.hu\/index.php\/nektek-mi-jut-eszetekbe-a-mai-naprol\/\">Nektek mi jut eszetekbe a mai napr\u00f3l?<\/a> Till G\u00e1bor eszmefuttat\u00e1sa <strong>2003. j\u00falius 4<\/strong>-\u00e9n  <\/li><\/ul>\n\n\n\n<ul class=\"wp-block-list\"><li><a href=\"http:\/\/jobbkor.hu\/index.php\/nemzeti-megmentesi-program\/\">Nemzeti Megment\u00e9si Program<\/a> A Jobb Kor Polg\u00e1ri K\u00f6r tervezete, <strong>(2003. m\u00e1jus 12.)<\/strong><\/li><\/ul>\n\n\n\n<ul class=\"wp-block-list\"><li><a href=\"http:\/\/jobbkor.hu\/index.php\/az-europai-uniohoz-torteno-csatlakozasunk-alternativaja\/\">Az Eur\u00f3pai Uni\u00f3hoz t\u00f6rt\u00e9n\u0151 csatlakoz\u00e1sunk alternat\u00edv\u00e1ja<\/a>  A fenti \u00edr\u00e1sban szeretn\u00e9nk kifejteni, mit is \u00e9rt\u00fcnk pontosan a &#8222;tekint\u00e9ly&#8221; \u00e9s a &#8222;val\u00f3di partners\u00e9g&#8221; kifejez\u00e9seken, amelyeket Magyarorsz\u00e1g j\u00f6v\u0151beni helyzet\u00e9re vonatkoztatunk; valamint, milyen sors v\u00e1rhat haz\u00e1nkra, ha kimaradunk az EU-b\u00f3l. <strong>(2003. m\u00e1rcius 11.) <\/strong><\/li><\/ul>\n\n\n\n<ul class=\"wp-block-list\"><li><a href=\"http:\/\/jobbkor.hu\/index.php\/miert-fogok-megis-igennel-szavazni\/\">Turgonyi Zolt\u00e1n: Mi\u00e9rt fogok m\u00e9gis igennel szavazni?<\/a>   Polg\u00e1ri k\u00f6r\u00fcnk tagjai v\u00e9lem\u00e9ny\u00e9nek term\u00e9szetesen f\u00f3rumot adunk, akkor is, ha az nem egyezik a t\u00f6bbs\u00e9g v\u00e9lem\u00e9ny\u00e9vel. A v\u00e9lem\u00e9ny-nyilv\u00e1n\u00edt\u00e1s \u00e9s a gondolkod\u00e1s szabads\u00e1ga sz\u00e1munkra fontos \u00e9rt\u00e9kek. (<strong>2003. m\u00e1rcius<\/strong>)<\/li><\/ul>\n\n\n\n<ul class=\"wp-block-list\"><li><a href=\"http:\/\/jobbkor.hu\/index.php\/igen-a-fuggetlensegre-nem-az-eu-ra\">Igen &#8211; a F\u00fcggetlens\u00e9gre, NEM &#8211; az EU-ra!<\/a> (<strong>2003. febru\u00e1r 18.<\/strong>)<\/li><\/ul>\n\n\n\n<ul class=\"wp-block-list\"><li><a href=\"http:\/\/jobbkor.hu\/index.php\/kovacs-laszlo\/\">Kov\u00e1cs L\u00e1szl\u00f3 cs\u00fasztat\u00e1sa a honlapunkkal kapcsolatban<\/a>.   Az  el\u0151z\u0151 mondatra kattintva Kov\u00e1cs L\u00e1szl\u00f3 k\u00fcl\u00fcgyminiszter \u00farnak a &#8222;Napkelte&#8221; c. m\u0171sor 2003. janu\u00e1r 27-i ad\u00e1s\u00e1ban elhangzott cs\u00fasztat\u00e1s\u00e1ra adott v\u00e1laszunkat, tiltakoz\u00e1sunkat olvashatja el, ill. n\u00e9zheti meg az ad\u00e1sr\u00f3l k\u00e9sz\u00fclt vide\u00f3felv\u00e9telt. K\u00e9rem, hasonl\u00edtsa \u00f6ssze a &#8222;V\u00e9gre cselekedn\u00fcnk kell!&#8221; c. \u00edr\u00e1sunk sz\u00f6veg\u00e9vel! Egy\u00e9rtelm\u0171 a rosszhiszem\u0171 ferd\u00edt\u00e9s, amit ez\u00faton is visszautas\u00edtunk! (<strong>2003. febru\u00e1r<\/strong>)<\/li><\/ul>\n\n\n\n<ul class=\"wp-block-list\"><li><a href=\"http:\/\/jobbkor.hu\/index.php\/vegre-cselekednunk-kell\/\">V\u00e9gre cselekedn\u00fcnk kell!<\/a>  &#8222;&#8230;Magyar\u00e1n, ha egy\u00fctt val\u00f3sul meg  a h\u00e1tr\u00e1nyos kezdeti felt\u00e9telekkel  t\u00f6rt\u00e9n\u0151 uni\u00f3s csatlakoz\u00e1s \u00e9s az  orsz\u00e1g m\u00e9g \u00e1llami k\u00e9zben l\u00e9v\u0151  vagyon\u00e1nak privatiz\u00e1ci\u00f3ja, akkor biztosak  lehet\u00fcnk abban, hogy  \u00e9vsz\u00e1zadokra elv\u00e1gjuk Magyarorsz\u00e1got b\u00e1rmif\u00e9le  gazdas\u00e1gi \u00e9s  szellemi-kultur\u00e1lis fejl\u0151d\u00e9s lehet\u0151\u00e9g\u00e9t\u0151l, mert semmi sem marad hazai  k\u00e9zben &#8211; EZT MEG KELL AKAD\u00c1LYOZNUNK! &#8230;&#8221;  (R\u00e9szlet a <strong>2002. december 1<\/strong>-i  felh\u00edv\u00e1sunkb\u00f3l. A teljes sz\u00f6veg\u00e9rt kattintson a felh\u00edv\u00e1s c\u00edm\u00e9re!) <\/li><\/ul>\n","protected":false},"excerpt":{"rendered":"<p>Ezen az oldalon Egyes\u00fclet\u00fcnk 2002-es alap\u00edt\u00e1sa \u00e9s 2007 k\u00f6z\u00f6tt keletkezett dokumentumai olvashat\u00f3k. K\u00e9t fontos, nemzet\u00fcnk sors\u00e1t befoly\u00e1sol\u00f3 esem\u00e9nyhez kapcsol\u00f3d\u00f3, imm\u00e1ron t\u00f6rt\u00e9nelmi \u00edr\u00e1saink ki\u00e1llt\u00e1k az id\u0151 pr\u00f3b\u00e1j\u00e1t. E k\u00e9t esem\u00e9ny a kett\u0151s \u00e1llampolg\u00e1rs\u00e1gr\u00f3l sz\u00f3l\u00f3 n\u00e9pszavaz\u00e1s \u00e9s az Eur\u00f3pai Uni\u00f3hoz val\u00f3 csatlakoz\u00e1sunk. Ezeken k\u00edv\u00fcl term\u00e9szetesen olvashat\u00f3k m\u00e1s jelleg\u0171 \u00edr\u00e1saink, dokumentumaink is. 2007. november 18-\u00e1n, vas\u00e1rnap 18:00 \u00f3rakor GULY\u00c1S D\u00c9NES opera\u00e9nekes, Liszt d\u00edjas, Kiv\u00e1l\u00f3 m\u0171v\u00e9sz koncertet adott a Budakeszi Proh\u00e1szka Ottok\u00e1r Katolikus Gimn\u00e1zium Aul\u00e1j\u00e1ban. A teljes bev\u00e9telt a Wass Albert szobor fel\u00e1ll\u00edt\u00e1s\u00e1ra adom\u00e1nyozta. Egyes\u00fclet\u00fcnk k\u00e1rp\u00e1taljai gyermekeket nyaraltatott Magyarorsz\u00e1gon 2007. augusztus\u00e1ban. sz\u00f6veges besz\u00e1mol\u00f3 &#8211; k\u00e9pes besz\u00e1mol\u00f3 2007. j\u00falius 28-\u00e1n, szombaton reggel, egy\u00f3r\u00e1s m\u0171sor-\u00f6ssze\u00e1ll\u00edt\u00e1s hangzott [&hellip;]<\/p>\n","protected":false},"author":3,"featured_media":0,"parent":0,"menu_order":0,"comment_status":"closed","ping_status":"closed","template":"","meta":{"footnotes":""},"class_list":["post-43","page","type-page","status-publish","hentry"],"_links":{"self":[{"href":"https:\/\/jobbkor.hu\/index.php\/wp-json\/wp\/v2\/pages\/43","targetHints":{"allow":["GET"]}}],"collection":[{"href":"https:\/\/jobbkor.hu\/index.php\/wp-json\/wp\/v2\/pages"}],"about":[{"href":"https:\/\/jobbkor.hu\/index.php\/wp-json\/wp\/v2\/types\/page"}],"author":[{"embeddable":true,"href":"https:\/\/jobbkor.hu\/index.php\/wp-json\/wp\/v2\/users\/3"}],"replies":[{"embeddable":true,"href":"https:\/\/jobbkor.hu\/index.php\/wp-json\/wp\/v2\/comments?post=43"}],"version-history":[{"count":19,"href":"https:\/\/jobbkor.hu\/index.php\/wp-json\/wp\/v2\/pages\/43\/revisions"}],"predecessor-version":[{"id":395,"href":"https:\/\/jobbkor.hu\/index.php\/wp-json\/wp\/v2\/pages\/43\/revisions\/395"}],"wp:attachment":[{"href":"https:\/\/jobbkor.hu\/index.php\/wp-json\/wp\/v2\/media?parent=43"}],"curies":[{"name":"wp","href":"https:\/\/api.w.org\/{rel}","templated":true}]}}