{"id":453,"date":"2019-12-09T17:37:26","date_gmt":"2019-12-09T16:37:26","guid":{"rendered":"http:\/\/jobbkor.hu\/?page_id=453"},"modified":"2019-12-09T17:37:26","modified_gmt":"2019-12-09T16:37:26","slug":"koszonet","status":"publish","type":"page","link":"https:\/\/jobbkor.hu\/index.php\/koszonet\/","title":{"rendered":"K\u00f6sz\u00f6net"},"content":{"rendered":"\n<p>H\u00e1l\u00e1san k\u00f6sz\u00f6nj\u00fck, hogy adom\u00e1ny\u00e1val t\u00e1mogatja c\u00e9ljaink megval\u00f3sul\u00e1s\u00e1t!<\/p>\n\n\n\n<p><\/p>\n\n\n\n<p>Jobb Kor Polg\u00e1ri Egyes\u00fclet<\/p>\n","protected":false},"excerpt":{"rendered":"<p>H\u00e1l\u00e1san k\u00f6sz\u00f6nj\u00fck, hogy adom\u00e1ny\u00e1val t\u00e1mogatja c\u00e9ljaink megval\u00f3sul\u00e1s\u00e1t! Jobb Kor Polg\u00e1ri Egyes\u00fclet<\/p>\n","protected":false},"author":3,"featured_media":0,"parent":0,"menu_order":0,"comment_status":"closed","ping_status":"closed","template":"","meta":{"footnotes":""},"class_list":["post-453","page","type-page","status-publish","hentry"],"_links":{"self":[{"href":"https:\/\/jobbkor.hu\/index.php\/wp-json\/wp\/v2\/pages\/453","targetHints":{"allow":["GET"]}}],"collection":[{"href":"https:\/\/jobbkor.hu\/index.php\/wp-json\/wp\/v2\/pages"}],"about":[{"href":"https:\/\/jobbkor.hu\/index.php\/wp-json\/wp\/v2\/types\/page"}],"author":[{"embeddable":true,"href":"https:\/\/jobbkor.hu\/index.php\/wp-json\/wp\/v2\/users\/3"}],"replies":[{"embeddable":true,"href":"https:\/\/jobbkor.hu\/index.php\/wp-json\/wp\/v2\/comments?post=453"}],"version-history":[{"count":3,"href":"https:\/\/jobbkor.hu\/index.php\/wp-json\/wp\/v2\/pages\/453\/revisions"}],"predecessor-version":[{"id":456,"href":"https:\/\/jobbkor.hu\/index.php\/wp-json\/wp\/v2\/pages\/453\/revisions\/456"}],"wp:attachment":[{"href":"https:\/\/jobbkor.hu\/index.php\/wp-json\/wp\/v2\/media?parent=453"}],"curies":[{"name":"wp","href":"https:\/\/api.w.org\/{rel}","templated":true}]}}