{"id":61,"date":"2019-10-27T23:54:49","date_gmt":"2019-10-27T22:54:49","guid":{"rendered":"http:\/\/proba.jobbkor.hu\/?page_id=61"},"modified":"2019-11-02T18:23:09","modified_gmt":"2019-11-02T17:23:09","slug":"beregdeda-tamogatasa","status":"publish","type":"page","link":"https:\/\/jobbkor.hu\/index.php\/beregdeda-tamogatasa\/","title":{"rendered":"Beregd\u00e9da t\u00e1mogat\u00e1sa"},"content":{"rendered":"\n<p>K\u00e1rp\u00e1talj\u00e1n az ukrajnai h\u00e1bor\u00fa miatt vesz\u00e9lybe ker\u00fclt  csal\u00e1dok t\u00e1mogat\u00e1s\u00e1ra j\u00f3t\u00e9konys\u00e1gi estet szervezt\u00fcnk Budakeszi \u00d6nkorm\u00e1nyzat\u00e1nak t\u00e1mogat\u00e1s\u00e1val.<\/p>\n\n\n\n<p><strong>C\u00e9lunk az volt, hogy a kialakult helyzet miatt olyan csal\u00e1dokat \u00e9s c\u00e9geket keress\u00fcnk, akik havonta fix \u00f6sszeg\u0171 vagy alkalmank\u00e9nt tetsz\u0151leges m\u00e9rt\u00e9k\u0171 p\u00e9nzbeli t\u00e1mogat\u00e1st ny\u00fajtanak<\/strong>, \u201e\u00f6r\u00f6kbe fogadva\u201d egy-egy r\u00e1szorul\u00f3 szem\u00e9lyt, csal\u00e1dot, vagy programot (pl. gy\u00f3gyszert\u00e1mogat\u00e1s, t\u00fczel\u0151anyag v\u00e1s\u00e1rl\u00e1s, stb\u2026). A j\u00f3t\u00e9konys\u00e1gi est sikeres volt! T\u00e1mogat\u00e1sunk az\u00f3ta is folyamatos.<\/p>\n\n\n\n<div class=\"wp-block-image\"><figure class=\"aligncenter size-large\"><img loading=\"lazy\" decoding=\"async\" width=\"588\" height=\"279\" src=\"http:\/\/jobbkor.hu\/wp-content\/uploads\/2019\/11\/beregd\u00e9da.jpg\" alt=\"\" class=\"wp-image-289\" srcset=\"https:\/\/jobbkor.hu\/wp-content\/uploads\/2019\/11\/beregd\u00e9da.jpg 588w, https:\/\/jobbkor.hu\/wp-content\/uploads\/2019\/11\/beregd\u00e9da-300x142.jpg 300w\" sizes=\"auto, (max-width: 588px) 100vw, 588px\" \/><\/figure><\/div>\n","protected":false},"excerpt":{"rendered":"<p>K\u00e1rp\u00e1talj\u00e1n az ukrajnai h\u00e1bor\u00fa miatt vesz\u00e9lybe ker\u00fclt csal\u00e1dok t\u00e1mogat\u00e1s\u00e1ra j\u00f3t\u00e9konys\u00e1gi estet szervezt\u00fcnk Budakeszi \u00d6nkorm\u00e1nyzat\u00e1nak t\u00e1mogat\u00e1s\u00e1val. C\u00e9lunk az volt, hogy a kialakult helyzet miatt olyan csal\u00e1dokat \u00e9s c\u00e9geket keress\u00fcnk, akik havonta fix \u00f6sszeg\u0171 vagy alkalmank\u00e9nt tetsz\u0151leges m\u00e9rt\u00e9k\u0171 p\u00e9nzbeli t\u00e1mogat\u00e1st ny\u00fajtanak, \u201e\u00f6r\u00f6kbe fogadva\u201d egy-egy r\u00e1szorul\u00f3 szem\u00e9lyt, csal\u00e1dot, vagy programot (pl. gy\u00f3gyszert\u00e1mogat\u00e1s, t\u00fczel\u0151anyag v\u00e1s\u00e1rl\u00e1s, stb\u2026). A j\u00f3t\u00e9konys\u00e1gi est sikeres volt! T\u00e1mogat\u00e1sunk az\u00f3ta is folyamatos.<\/p>\n","protected":false},"author":3,"featured_media":0,"parent":0,"menu_order":0,"comment_status":"closed","ping_status":"closed","template":"","meta":{"footnotes":""},"class_list":["post-61","page","type-page","status-publish","hentry"],"_links":{"self":[{"href":"https:\/\/jobbkor.hu\/index.php\/wp-json\/wp\/v2\/pages\/61","targetHints":{"allow":["GET"]}}],"collection":[{"href":"https:\/\/jobbkor.hu\/index.php\/wp-json\/wp\/v2\/pages"}],"about":[{"href":"https:\/\/jobbkor.hu\/index.php\/wp-json\/wp\/v2\/types\/page"}],"author":[{"embeddable":true,"href":"https:\/\/jobbkor.hu\/index.php\/wp-json\/wp\/v2\/users\/3"}],"replies":[{"embeddable":true,"href":"https:\/\/jobbkor.hu\/index.php\/wp-json\/wp\/v2\/comments?post=61"}],"version-history":[{"count":3,"href":"https:\/\/jobbkor.hu\/index.php\/wp-json\/wp\/v2\/pages\/61\/revisions"}],"predecessor-version":[{"id":295,"href":"https:\/\/jobbkor.hu\/index.php\/wp-json\/wp\/v2\/pages\/61\/revisions\/295"}],"wp:attachment":[{"href":"https:\/\/jobbkor.hu\/index.php\/wp-json\/wp\/v2\/media?parent=61"}],"curies":[{"name":"wp","href":"https:\/\/api.w.org\/{rel}","templated":true}]}}