{"id":63,"date":"2019-10-27T23:54:49","date_gmt":"2019-10-27T22:54:49","guid":{"rendered":"http:\/\/proba.jobbkor.hu\/?page_id=63"},"modified":"2019-11-02T18:40:03","modified_gmt":"2019-11-02T17:40:03","slug":"csikostottos-arviz","status":"publish","type":"page","link":"https:\/\/jobbkor.hu\/index.php\/csikostottos-arviz\/","title":{"rendered":"Csik\u00f3st\u0151tt\u0151s \u00e1rv\u00edz"},"content":{"rendered":"\n<p>Egyes\u00fclet\u00fcnk, ha elh\u00edv\u00e1st \u00e9rez, akkor seg\u00edts\u00e9get ny\u00fajt bajba esett embert\u00e1rsain. \u00cdgy t\u00f6rt\u00e9nt ez 2010-ben is.<\/p>\n\n\n\n<div class=\"wp-block-image\"><figure class=\"aligncenter size-large\"><img decoding=\"async\" src=\"https:\/\/lh3.googleusercontent.com\/2pR3tetk_rbn4CtsjCs6T_cBhmbuQ4rORj-V_M8DWTRX6YC0fNd8keZU1KDybsNbWhEY4CL3hV2UbhniWO09yc8IxoppVoR-RKaoNX6cGYaQ6wIONDdJHMsgLYlWjWQMxRELxlC0QdX6O364YYNJtEBQgfsZjDlHpi3NS_xM5m6D5eo6nM_LKSglTnA_4OZJ4UB2xXO7gmO98uiBCQu4L4cCfc7qsNcKbhMS1A_Qhr_7EJWuknCXgbMQwW0bfu_cjmmKIXez6Rp1tFnVjUqfQZJ1w-Y3lT4i6XDjRYkDJEfj6j2bV0J8MEOcZlpLuF8KSBsmgjRFl-tRCdRKToFmekWnxnwLXPCqO2D5mbfJwqMLvzBoDuW5mDYar88kAAPAdYZaxMTV42EdiulqVcUARktBLFWdIo5ZOmT_Uh9bVYhRGSu8KPwYrk1Iu2vkTjDiaCEKLUer4jjKoqLOXSCeIbBDdBlPa16rf1oRwPqDDWDpwFlX5yAmqQvgasB8MnMwxl5tvBOZXad9DbBFCPoyUdRQkr8x5_uIwjtIum8tEQl1QFGKEHfXlkznEPehyeymrzDIVxUySWhOkScbdIn_JdyTijPElArFkar72zB7xKCF6st5m9VYMpmM7RWGhQ5T5iFBcX3GJk14CA0k7WAn2ByZLXIljtP_QEzby4g_KDUFZduqvNZeoniktlmQPlDzgzMPwpAjaFfDAKnPkx16bYhV56ZwrukJGoUUy_uYl0E32RQ=w500-no\" alt=\"\"\/><\/figure><\/div>\n\n\n\n<p>Kedves Bar\u00e1taink, Budakeszi Polg\u00e1rok!<\/p>\n\n\n\n<p>H\u00e1la Istennek \naz eg\u00e9sz orsz\u00e1g megmozdult az \u00e1rv\u00edz okozta trag\u00e9di\u00e1k enyh\u00edt\u00e9s\u00e9re. Tal\u00e1n \nnincs is olyan ember, aki valamilyen m\u00f3don m\u00e1r ne seg\u00edtett volna. \n&#8222;&#8230;egy szeg\u00e9ny \u00f6zvegyasszony pedig odamenve beledobott k\u00e9t fill\u00e9rt, \nazaz egy krajc\u00e1rt.&#8221; Mk. 12, 42.<\/p>\n\n\n\n<p>A budakeszi<strong> Jobb Kor Polg\u00e1ri Egyes\u00fclet<\/strong> \u00e1t\u00e9rezve a helyzet s\u00falyoss\u00e1g\u00e1t 2010. j\u00fanius 9-\u00e9n az al\u00e1bbi <a href=\"https:\/\/drive.google.com\/uc?export=download&amp;id=15n49ZtwwrraxkguiqjXBTlbrk-G_vFph\">FELH\u00cdV\u00c1ST<\/a> tette k\u00f6zz\u00e9 Budakeszi minden polg\u00e1r\u00e1nak.<\/p>\n\n\n\n<p>Az adom\u00e1nygy\u0171jt\u00e9s sikeresen lez\u00e1rult, a csik\u00f3st\u0151tt\u0151si polg\u00e1rmester k\u00f6sz\u00f6n\u0151levele <a href=\"https:\/\/lh3.googleusercontent.com\/yLVBAiBb_FJBJicrRMjKOB2RkbzJrMeMAo_DbyYGifidGBOVLUIs61SK4JyWZ4FJMIDs_GEt5U4y2tQvaSpfAcFNTSb4c-J7R2LGXiGPgQ0T3IfhM2VMC3dsS58GGgevfU5x5AYIo5a6-ZttpeGgUYG2eI6LPbIo2XRzunr02BMzhNahjggXhrh92eoyuHWljvtarlY1Upz9UpAhwwbo1FH3d0MQr16Y_GGIm9R8XLVDUXokinXE6I7FAx2am61sFnp0qYfR826LATi194NetCM4O_9AX4aKA2xm04lG1X--xJLP-BoMKaVu_LmIV5mOIg_blsT7oYWwCaBYjnuXEt7tSzX3GTD2Ml3PRDuhV6dSGiKuzJMwh56rYKnxtPjVdnTWboUeZAm6n0SpXhn81OIX6OXyd2O61IIfCIHVNhyFNFi8SewHfQ_3tb7IKQr2utNvguVgn-4ANkzHVvHLy7Dv2qQR0Ib_6W-pU-32VgH3Z_1ptDJgzUYi1W3htJnGVY7MkBq4Nzk5fZKFxKvvfjFvNnuhDOaiK7G_eSofSXIrrDE6M6kEecexkX_2Ry4ti-dSw1QOkJXBEfG7W0wzLLSZVC9LVyr4n81pJ35KyxuslgnlG_7hy2nmhQSge43QphcUOXwrCELS9EYpn1nL7z400py1Xa3L2tBVcpDl3qjrfKmLr_Y9lY5-I6y_ZNramWCpAlqnhZi4CxUWg2_8R7SPWDksUjYPCYMQv1d6S6UdqnkT=w720-no\">itt olvashat\u00f3<\/a>.<\/p>\n","protected":false},"excerpt":{"rendered":"<p>Egyes\u00fclet\u00fcnk, ha elh\u00edv\u00e1st \u00e9rez, akkor seg\u00edts\u00e9get ny\u00fajt bajba esett embert\u00e1rsain. \u00cdgy t\u00f6rt\u00e9nt ez 2010-ben is. Kedves Bar\u00e1taink, Budakeszi Polg\u00e1rok! H\u00e1la Istennek az eg\u00e9sz orsz\u00e1g megmozdult az \u00e1rv\u00edz okozta trag\u00e9di\u00e1k enyh\u00edt\u00e9s\u00e9re. Tal\u00e1n nincs is olyan ember, aki valamilyen m\u00f3don m\u00e1r ne seg\u00edtett volna. &#8222;&#8230;egy szeg\u00e9ny \u00f6zvegyasszony pedig odamenve beledobott k\u00e9t fill\u00e9rt, azaz egy krajc\u00e1rt.&#8221; Mk. 12, 42. A budakeszi Jobb Kor Polg\u00e1ri Egyes\u00fclet \u00e1t\u00e9rezve a helyzet s\u00falyoss\u00e1g\u00e1t 2010. j\u00fanius 9-\u00e9n az al\u00e1bbi FELH\u00cdV\u00c1ST tette k\u00f6zz\u00e9 Budakeszi minden polg\u00e1r\u00e1nak. Az adom\u00e1nygy\u0171jt\u00e9s sikeresen lez\u00e1rult, a csik\u00f3st\u0151tt\u0151si polg\u00e1rmester k\u00f6sz\u00f6n\u0151levele itt olvashat\u00f3.<\/p>\n","protected":false},"author":3,"featured_media":0,"parent":0,"menu_order":0,"comment_status":"closed","ping_status":"closed","template":"page-templates\/full-width-container.php","meta":{"footnotes":""},"class_list":["post-63","page","type-page","status-publish","hentry"],"_links":{"self":[{"href":"https:\/\/jobbkor.hu\/index.php\/wp-json\/wp\/v2\/pages\/63","targetHints":{"allow":["GET"]}}],"collection":[{"href":"https:\/\/jobbkor.hu\/index.php\/wp-json\/wp\/v2\/pages"}],"about":[{"href":"https:\/\/jobbkor.hu\/index.php\/wp-json\/wp\/v2\/types\/page"}],"author":[{"embeddable":true,"href":"https:\/\/jobbkor.hu\/index.php\/wp-json\/wp\/v2\/users\/3"}],"replies":[{"embeddable":true,"href":"https:\/\/jobbkor.hu\/index.php\/wp-json\/wp\/v2\/comments?post=63"}],"version-history":[{"count":3,"href":"https:\/\/jobbkor.hu\/index.php\/wp-json\/wp\/v2\/pages\/63\/revisions"}],"predecessor-version":[{"id":247,"href":"https:\/\/jobbkor.hu\/index.php\/wp-json\/wp\/v2\/pages\/63\/revisions\/247"}],"wp:attachment":[{"href":"https:\/\/jobbkor.hu\/index.php\/wp-json\/wp\/v2\/media?parent=63"}],"curies":[{"name":"wp","href":"https:\/\/api.w.org\/{rel}","templated":true}]}}