{"id":65,"date":"2019-10-27T23:54:49","date_gmt":"2019-10-27T22:54:49","guid":{"rendered":"http:\/\/proba.jobbkor.hu\/?page_id=65"},"modified":"2019-11-03T07:50:43","modified_gmt":"2019-11-03T06:50:43","slug":"wass-albert-szobor","status":"publish","type":"page","link":"https:\/\/jobbkor.hu\/index.php\/szobraink\/wass-albert-szobor\/","title":{"rendered":"Wass Albert szobor"},"content":{"rendered":"\n<p class=\"has-text-align-center\">2008. janu\u00e1r 12-\u00e9n, szombaton 16 \u00f3rakor felavattuk a k\u00f6zadakoz\u00e1sb\u00f3l l\u00e9trehozott<\/p>\n\n\n\n<p class=\"has-text-align-center\"><strong>WASS ALBERT<\/strong> <\/p>\n\n\n\n<p class=\"has-text-align-center\">k\u00f6zt\u00e9ri mellszobr\u00e1t.<\/p>\n\n\n\n<div class=\"wp-block-image\"><figure class=\"aligncenter size-large\"><img decoding=\"async\" src=\"https:\/\/lh3.googleusercontent.com\/8DsGs6fsiBii2E9G9ToC6srVzAiAu0RegBeOx_M8-aOJUDpEt2tJZubhQjs1xOOEODXoG0SB8pmqZPTonmPZYGwdlAhJe8AMnu7Sij4same8X84MkhiCLhxIf4jCicECLan3QAkXfCJOgM145X27A17LRO8Z4Oct4iRzdDTS5mnhvQ5kajRTk7KpH5eqdxinzWJ5c0PnU51_dy6P_MGsbHwFJ7TmMWfwL64PQPzvHu6h6XcMtzR3Tx_YHjbjW5Ld9pkNDLdIcPTipR6opJ0oxhiCka1i1cpLrK2WAOjIJh1_bFP1ZlbAA-tpiI6W2dBY7HxOBVXiZxaCZLBV3eM_sCbtoO5r8HzlQ7uBWvg_YcE-07paaOMLaEalJolJY67RsfaHJCDU0DaLR8y9pRoRu0kbz6W13Nv2u0fa2x1MPsS8RolUPdtQ1gMyiyk6SHMjih_1M5XGgYhgQWRek-7pTBy5PDaujUSjZ0-ahrATk-XYd3AV5SEJcZ3MvfbjlKjp5NYttwsSaQJxpJ_lOS3bZhfASXWCi_MYpeCaza5dioeEs-tSth3nn55JFp81akgpy_GsudOHuD0pjGZlnS3Q6aoawY6jET8HKTxrQ_ybUoh8518BKrY7nFFnP24kAhulkyJ7upimJwjjrGTrkueUhidGMH6n4OYz2D3xXkM2-3DD2GJlrDn1JUQ0_tRVpPiJQiajNdj1SP6_lnOfAtqOhwkRKGFjEivIzAH_JMBU8Ws26Q79=w450-h600-no\" alt=\"\"\/><\/figure><\/div>\n\n\n<p style=\"text-align: center;\">Tekintse meg a szoboravat\u00e1s TV felv\u00e9tel\u00e9t!<\/p>\n<p><iframe loading=\"lazy\" src=\"https:\/\/www.youtube.com\/embed\/s2YYvhiRLJk\" allowfullscreen=\"allowfullscreen\" width=\"560\" height=\"315\" frameborder=\"0\"><\/iframe><!--more--><\/p>\n\n\n<p class=\"has-text-align-center\">A szoboravat\u00e1s teljes hanganyaga meghallgathat\u00f3 itt.<\/p>\n\n\n\n<figure class=\"wp-block-audio\"><audio controls src=\"https:\/\/drive.google.com\/uc?export=download&amp;id=19YA25qI_v7cGRb7R3yz7Uir7hrqlWbB4\"><\/audio><\/figure>\n\n\n\n<p class=\"has-text-align-center\"><a href=\"http:\/\/www.budakesziiranytu.hu\/index.php?cikk=1950\" target=\"_blank\" rel=\"noreferrer noopener\" aria-label=\" (opens in a new tab)\">Cikk a helyi \u00fajs\u00e1gban.<\/a><\/p>\n\n\n\n<p>Itt nem \u00e9r v\u00e9get a t\u00f6rt\u00e9net.<\/p>\n\n\n\n<p>2011.\n j\u00falius 6-r\u00f3l 7-re virrad\u00f3 \u00e9jjel ismeretlen tettesek ellopt\u00e1k a \nBudakeszi parkb\u00f3l az egyes\u00fclet\u00fcnk \u00e1ltal 2008-ban fel\u00e1ll\u00edtott Wass Albert\n szobrot. <\/p>\n\n\n\n<p>H\u00e1la  Istennek a szobor a csod\u00e1val hat\u00e1ros m\u00f3don el\u0151ker\u00fclt, az alacsony  v\u00edz\u00e1ll\u00e1s\u00fa Duna partjaira vetette. A szobrot \u00fcnnep\u00e9lyes keretek k\u00f6z\u00f6tt  2011. okt\u00f3ber\u00e9ben \u00fajraavattuk, \u00edgy ism\u00e9t az eg\u00e9sz magyar nemzet  k\u00f6z\u00f6ss\u00e9g\u00e9 a szobor!<\/p>\n\n\n\n<p><\/p>\n","protected":false},"excerpt":{"rendered":"<p>2008. janu\u00e1r 12-\u00e9n, szombaton 16 \u00f3rakor felavattuk a k\u00f6zadakoz\u00e1sb\u00f3l l\u00e9trehozott WASS ALBERT k\u00f6zt\u00e9ri mellszobr\u00e1t. Tekintse meg a szoboravat\u00e1s TV felv\u00e9tel\u00e9t!<\/p>\n","protected":false},"author":3,"featured_media":0,"parent":26,"menu_order":0,"comment_status":"closed","ping_status":"closed","template":"","meta":{"footnotes":""},"class_list":["post-65","page","type-page","status-publish","hentry"],"_links":{"self":[{"href":"https:\/\/jobbkor.hu\/index.php\/wp-json\/wp\/v2\/pages\/65","targetHints":{"allow":["GET"]}}],"collection":[{"href":"https:\/\/jobbkor.hu\/index.php\/wp-json\/wp\/v2\/pages"}],"about":[{"href":"https:\/\/jobbkor.hu\/index.php\/wp-json\/wp\/v2\/types\/page"}],"author":[{"embeddable":true,"href":"https:\/\/jobbkor.hu\/index.php\/wp-json\/wp\/v2\/users\/3"}],"replies":[{"embeddable":true,"href":"https:\/\/jobbkor.hu\/index.php\/wp-json\/wp\/v2\/comments?post=65"}],"version-history":[{"count":6,"href":"https:\/\/jobbkor.hu\/index.php\/wp-json\/wp\/v2\/pages\/65\/revisions"}],"predecessor-version":[{"id":323,"href":"https:\/\/jobbkor.hu\/index.php\/wp-json\/wp\/v2\/pages\/65\/revisions\/323"}],"up":[{"embeddable":true,"href":"https:\/\/jobbkor.hu\/index.php\/wp-json\/wp\/v2\/pages\/26"}],"wp:attachment":[{"href":"https:\/\/jobbkor.hu\/index.php\/wp-json\/wp\/v2\/media?parent=65"}],"curies":[{"name":"wp","href":"https:\/\/api.w.org\/{rel}","templated":true}]}}