{"id":67,"date":"2019-10-27T23:54:49","date_gmt":"2019-10-27T22:54:49","guid":{"rendered":"http:\/\/proba.jobbkor.hu\/?page_id=67"},"modified":"2019-10-29T07:15:50","modified_gmt":"2019-10-29T06:15:50","slug":"orszagzaszlo-budakeszin","status":"publish","type":"page","link":"https:\/\/jobbkor.hu\/index.php\/orszagzaszlo-budakeszin\/","title":{"rendered":"Orsz\u00e1gz\u00e1szl\u00f3 Budakeszin"},"content":{"rendered":"\n<div class=\"wp-block-image\"><figure class=\"aligncenter size-large\"><img decoding=\"async\" src=\"https:\/\/lh3.googleusercontent.com\/-VLy9iCNP9cCR02uFaCo6OfEXjN2Rst8YBX58__XBgvJ2UF81AuT1xkz8zhgMzTxp2heWIlfpwguF73YQT9S1d9dWt5HR8SNe9fK3l5vntBDtiOIQiRMXQ9Umw4Oi0hLwda_OVqWipvpzXeNDghR0FryGq0z9yLfOGpkjvK6miEXbK55A-Ajd9uUnVCUv-q4LyiEeFzCYHDwR9Jo0y9NFvMV8QVBtbdLAWv4txFo75UWVA0Y9v2mGagU0wlZ_JKrmabxIs6sFYyBAIIg-G9hlIEaRWkIU22qIVHyFfvfSuyY9VS5wkkjnSv8D0xU2BkXltmGGp4hG1pBgFoplusPjFE8Uo8e6IVcXlM5F9sbT3eUbTK4RTtO23Yl-UmiRP03ggprqBad8c41atglLkBqUe0fPFG-0VfCzHn4CXxP70MmzX6nKw5q8y8vzm05GSQSAnrhIuoJdTxbiOc-6ibrJSKQrmPFX4-xoiq8k-LVetFnqHQilO1BMeZL4Fgka2TtFz2pPY5P7j2qpfczi2YKSdFwqXzDOX8kPPuZPhT3uON1FhoV3ipX8VODQYqrBKf9ar9cFBmq_TLogGn4WDVZxfNc9ECmRMoSZICNjksL72V4KJiE1rZ61QFwlEbiej2AkFMpDe07EzVY6nTYCBmAzh9yiguRDS1FNRj3Gww8YrKrzeGomSC53mPw8EkXmCbALGsjbzD_VsNj5JiykiGz9zK2t4j6gf_fkOSacBHAQ5cZ2Fs=w589-h757-no\" alt=\"\"\/><\/figure><\/div>\n\n\n\n<p>A Budakeszi Minden Magyarok Z\u00e1szlaj\u00e1nak (Orsz\u00e1gz\u00e1szl\u00f3) avat\u00e1si \u00fcnneps\u00e9g\u00e9nek TV felv\u00e9tele 2006. augusztus 20-\u00e1n.<\/p>\n\n\n\n<p><\/p>\n\n\n\n<figure class=\"wp-block-embed-youtube wp-block-embed is-type-video is-provider-youtube wp-embed-aspect-4-3 wp-has-aspect-ratio\"><div class=\"wp-block-embed__wrapper\">\n<iframe loading=\"lazy\" title=\"A Budakeszi Orsz\u00e1gz\u00e1szl\u00f3 avat\u00e1sa - 2006. augusztus 20.\" width=\"640\" height=\"480\" src=\"https:\/\/www.youtube.com\/embed\/VdfyruzAtck?feature=oembed\" frameborder=\"0\" allow=\"accelerometer; autoplay; clipboard-write; encrypted-media; gyroscope; picture-in-picture; web-share\" referrerpolicy=\"strict-origin-when-cross-origin\" allowfullscreen><\/iframe>\n<\/div><\/figure>\n","protected":false},"excerpt":{"rendered":"<p>A Budakeszi Minden Magyarok Z\u00e1szlaj\u00e1nak (Orsz\u00e1gz\u00e1szl\u00f3) avat\u00e1si \u00fcnneps\u00e9g\u00e9nek TV felv\u00e9tele 2006. augusztus 20-\u00e1n.<\/p>\n","protected":false},"author":3,"featured_media":0,"parent":0,"menu_order":0,"comment_status":"closed","ping_status":"closed","template":"","meta":{"footnotes":""},"class_list":["post-67","page","type-page","status-publish","hentry"],"_links":{"self":[{"href":"https:\/\/jobbkor.hu\/index.php\/wp-json\/wp\/v2\/pages\/67","targetHints":{"allow":["GET"]}}],"collection":[{"href":"https:\/\/jobbkor.hu\/index.php\/wp-json\/wp\/v2\/pages"}],"about":[{"href":"https:\/\/jobbkor.hu\/index.php\/wp-json\/wp\/v2\/types\/page"}],"author":[{"embeddable":true,"href":"https:\/\/jobbkor.hu\/index.php\/wp-json\/wp\/v2\/users\/3"}],"replies":[{"embeddable":true,"href":"https:\/\/jobbkor.hu\/index.php\/wp-json\/wp\/v2\/comments?post=67"}],"version-history":[{"count":3,"href":"https:\/\/jobbkor.hu\/index.php\/wp-json\/wp\/v2\/pages\/67\/revisions"}],"predecessor-version":[{"id":200,"href":"https:\/\/jobbkor.hu\/index.php\/wp-json\/wp\/v2\/pages\/67\/revisions\/200"}],"wp:attachment":[{"href":"https:\/\/jobbkor.hu\/index.php\/wp-json\/wp\/v2\/media?parent=67"}],"curies":[{"name":"wp","href":"https:\/\/api.w.org\/{rel}","templated":true}]}}